{"id":105221,"date":"2024-11-29T10:42:37","date_gmt":"2024-11-29T10:42:37","guid":{"rendered":"https:\/\/www.csanyialapitvany.hu\/?page_id=105221"},"modified":"2026-02-27T11:32:56","modified_gmt":"2026-02-27T11:32:56","slug":"kozossegi-hazaink","status":"publish","type":"page","link":"https:\/\/www.csanyialapitvany.hu\/en\/rolunk\/kozossegi-hazaink\/","title":{"rendered":"Community Houses"},"content":{"rendered":"<div class=\"wpb-content-wrapper\"><p>[vc_row row_type=&#8221;row&#8221; use_row_as_full_screen_section=&#8221;no&#8221; type=&#8221;full_width&#8221; text_align=&#8221;left&#8221; css_animation=&#8221;&#8221;][vc_column][vc_tta_pageable no_fill_content_area=&#8221;true&#8221; active_section=&#8221;1&#8243; pagination_style=&#8221;flat-rounded&#8221; pagination_color=&#8221;black&#8221; tab_position=&#8221;top&#8221; css_animation=&#8221;fadeIn&#8221;][vc_tta_section title=&#8221;J\u00e1szber\u00e9ny&#8221; tab_id=&#8221;1732875693028-9990bc12-c49c&#8221;][vc_column_text css=&#8221;&#8221;]<\/p>\n<h4>J\u00e1szber\u00e9ny<\/h4>\n<p>Year of establishment: 2005<\/p>\n<p>Address: 5100 J\u00e1szber\u00e9ny, D\u00e9rin\u00e9 \u00fat 6.<\/p>\n<p>Mentors: <em>Judit Szir\u00e1ki, Tam\u00e1s Ol\u00e1h-Berecz, Ildik\u00f3 Nagy, Dorina Szerz\u0151<\/em><\/p>\n<p>&nbsp;<\/p>\n<p>This community house is located in the center of J\u00e1szber\u00e9ny. We are lucky enough to be able to occupy J\u00e1szk\u00fcrt, which is J\u00e1szber\u00e9ny\u2019s oldest historical inn. The groups within this community have varying ages, ranging from middle schoolers all the way up to university students. Members of the community are taught drama, maths, IT, natural studies and foreign languages. Like the rest of our homes, our students are continually increasing their knowledge through educational days, small-scale internships, and workshops organized by our partners (Microsoft, Bonafarm, the Polg\u00e1r Chess Foundation, and Amnesia). In addition to their achievements in music, graphic arts, folk dance, chess, and mathematics, the editors and executives of the Pannon Radio Csalaphang program share their knowledge of radio broadcasting to deepen the younger generation&#8217;s interest.[\/vc_column_text][vc_empty_space][vc_single_image image=&#8221;105227&#8243; img_size=&#8221;large&#8221; alignment=&#8221;center&#8221; style=&#8221;vc_box_rounded&#8221; onclick=&#8221;zoom&#8221; css=&#8221;&#8221; qode_css_animation=&#8221;&#8221;][\/vc_tta_section][vc_tta_section title=&#8221;Nagybajom&#8221; tab_id=&#8221;1732875693037-7ebc8150-3d45&#8243;][vc_column_text css=&#8221;&#8221;]<\/p>\n<h4>Nagybajom<\/h4>\n<p>Year of establishment: 2006<\/p>\n<p>Address: 7561 Nagybajom, Iskola k\u00f6z 15.<\/p>\n<p>Mentors: <em>Szilvia N\u00e9methn\u00e9 Bunov\u00e1cz, Andr\u00e1s Urr, Roland Szab\u00f3<\/em><\/p>\n<p>&nbsp;<\/p>\n<p>This community house is located 25 kilometres away from Kaposv\u00e1r. It is the first self-built estate by the foundation, and an ideal venue for implementing the Guidance Programme. The modern but very home-like establishment provides a great base for talented youths from this small region, for extracurricular development and recreational programs. This community house is also host to the foundation\u2019s football and chess championships. The members of these groups range from primary school students to those in higher education.<\/p>\n<p>There are many opportunities for hiking in the vicinity. Similar to other community houses, we regularly receive foreign volunteers from the AIESEC and COMPASS international organizations, who help us in language training and therefore ensure the possibility of intercultural learning. Although many of our children are coming from severely disadvantaged settlements in the region, they still have great results in regional and national sports competitions, dancing, computing, mathematics, history, and foreign language competitions. By supporting the NI Mentor Program, a group of our students are actively participating in Lego robot programming, designed to master algorithmic thinking and graphical programming language.[\/vc_column_text][vc_empty_space][vc_single_image image=&#8221;105232&#8243; img_size=&#8221;large&#8221; alignment=&#8221;center&#8221; css=&#8221;&#8221; qode_css_animation=&#8221;&#8221;][\/vc_tta_section][vc_tta_section title=&#8221;Kaposv\u00e1r&#8221; tab_id=&#8221;1732875801165-d1ac42fd-7f31&#8243;][vc_column_text css=&#8221;&#8221;]<\/p>\n<h4>Kaposv\u00e1r<\/h4>\n<p>Year of establishment: 2007<\/p>\n<p>Address: 7400 Kaposv\u00e1r, F\u0151 utca 45.<\/p>\n<p>Mentors: <em>Zsuzsanna Feny\u0151, Ang\u00e9la Vancsur\u00e1n\u00e9 S\u00e1rk\u00f6zi, Dr D\u00e1niel Varga<\/em><\/p>\n<p>&nbsp;<\/p>\n<p>This community house, in the heart of the city, offers the best of conditions for children. This dynamically developing university town offers many opportunities for young people to expand their knowledge through cultural and recreational activities, organised by mentors. The members of these groups are primary school pupils, high school students, and those in higher education.<\/p>\n<p>Thanks to the ideal conditions of the community house &#8211; the foundation&#8217;s Children&#8217;s Parliamentary Assembly is here similarly to other community houses &#8211; and as a result of their information technology education, our 16-year-old students have an international ECDL certificate. Using this skill as a base, our long-term goal is to shape our learners into smart-minded people, using the everyday knowledge they gain. As a result of the high quality, intensive language teaching in the foundation, we have achieved excellent results in regional and national language competitions in English, German and Spanish languages, as well as middle and advanced language exams.[\/vc_column_text][vc_empty_space][vc_single_image image=&#8221;105234&#8243; img_size=&#8221;large&#8221; alignment=&#8221;center&#8221; css=&#8221;&#8221; qode_css_animation=&#8221;&#8221;][\/vc_tta_section][vc_tta_section title=&#8221;P\u00e9cs&#8221; tab_id=&#8221;1732875836701-025a59f8-406a&#8221;][vc_column_text css=&#8221;&#8221;]<\/p>\n<h4>P\u00e9cs<\/h4>\n<p>Year of establishment: 2007<\/p>\n<p>Address: 7621 P\u00e9cs, M\u00e1ty\u00e1s kir\u00e1ly utca 21.<\/p>\n<p>Mentors: <em>Luca Borsy, Andr\u00e1s G\u00e1l, Andrea B\u00e1lint-Ors\u00f3s<\/em><\/p>\n<p>&nbsp;<\/p>\n<p>This community house is located in the European Capital of Culture 2010, on the vibrant and colorful Kir\u00e1ly street. The central location offers the opportunity to organize various programs, and the P\u00e9cs theater, Sz\u00e9ch\u00e9nyi square, the Zsolnay quarter and the Kod\u00e1ly Center are all within easy reach. The members of the groups are primary school pupils, high school students, and those in higher education.<\/p>\n<p>Radio programs are open not only to the children involved with the radio station, but also those in Lego robot programming, with the support of the NI Mentor Program, which aims to master algorithmic thinking and graphical programming language. In addition, the community house hosts chamber orchestra trials of the Cs\u00e1nyi Band and Foundation. Furthermore, our students are not only involved in graphics and graffiti production, but also in acting, music, chess, ballroom dancing, handball, and musical gymnastics. The line does not end there, as our students also excel in the humanities, and will always have a start at the Mathias Corvinus College. Just like other community houses, P\u00e9cs will continue to receive American Fulbright scholarships, who will present their research areas to our groups in interactive lectures in English.[\/vc_column_text][vc_empty_space][vc_single_image image=&#8221;105235&#8243; img_size=&#8221;large&#8221; alignment=&#8221;center&#8221; css=&#8221;&#8221; qode_css_animation=&#8221;&#8221;][\/vc_tta_section][vc_tta_section title=&#8221;Szeged&#8221; tab_id=&#8221;1732875838238-98b01025-3e14&#8243;][vc_column_text css=&#8221;&#8221;]<\/p>\n<h4>Szeged<\/h4>\n<p>Year of establishment: 2010<\/p>\n<p>Address: 6723 Szeged, Kis-Tisza utca 12.<\/p>\n<p>Mentors: <em>Istv\u00e1n Vid\u00e1kovics, P\u00e9ter Mikics, Gy\u00f6ngyi Nov\u00e1k<\/em><\/p>\n<p>&nbsp;<\/p>\n<p>The talent development have taken place in a rented property for nine years, but from the fall of 2021 the work could continue in the six hundred square meter monument house owned by the Foundation.<\/p>\n<p>There are currently three groups operating here, and all three groups already have university students. Some of them have already obtained their bachelor&#8217;s degree and are currently studying for a master&#8217;s degree or have taken up a job.<\/p>\n<p>We are not only proud of our university students studying a wide spectrum of specializations, but also of our younger children, as they excel in many fields. There are those who strengthen the Cs\u00e1nyi Band, there are those who achieve outstanding results in the field of foreign language learning, others have achieved international success in the field of sports. Photo Club members are invited to local and national exhibitions with their works. In addition to water sports, the successful wrestler of the national team and a promising kick-boxing talent are also among our supporters.<\/p>\n<p>Furthermore, we are also proud that our Community House, together with the Szentes groups, has been participating in the foundation&#8217;s natural science research project supported by the Karik\u00f3 Katalin Sz\u00e9chenyi Award since the beginning of 2022.<\/p>\n<p>Biological research, language learning, IT education, handicrafts and individual and group development in various fields take place in our house. The children feel at home in the friendly furnished property, where they are always welcome.[\/vc_column_text][vc_empty_space][vc_single_image image=&#8221;105236&#8243; img_size=&#8221;large&#8221; alignment=&#8221;center&#8221; css=&#8221;&#8221; qode_css_animation=&#8221;&#8221;][\/vc_tta_section][vc_tta_section title=&#8221;Moh\u00e1cs&#8221; tab_id=&#8221;1732875839733-37cd70dc-83d3&#8243;][vc_column_text css=&#8221;&#8221;]<\/p>\n<h4>Moh\u00e1cs<\/h4>\n<p>Year of establishment: 2014<\/p>\n<p>Address: 7700 Moh\u00e1cs, Szent Istv\u00e1n \u00fat 23.<\/p>\n<p>Mentors: <em>Erika <\/em><em>Kov\u00e1csn\u00e9 Bodor<\/em><em>, Gerg\u0151<\/em><em>Koszta<\/em><em>, Annam\u00e1ria <\/em><em>\u00c9les\u00a0<\/em><\/p>\n<p>&nbsp;<\/p>\n<p>This community house is located in the southernmost Danube settlement of Hungary &#8211; Moh\u00e1cs &#8211; where the annual <em>bus\u00f3 <\/em>festival is visited by thousands and was included in the UNESCO List of Intangible Cultural Heritage of Humanity in 2009. In this community house, members attend primary schools in 42 settlements in Moh\u00e1cs and B\u00f3ly district, for foundation development sessions. Members of these groups are primary school students. The community house is the second self-built property of the foundation, and an ideal venue for implementing the Life Travel Program. The modern but home-like environment also provides a background for talented young people of the region for extracurricular development and recreational programs.[\/vc_column_text][vc_empty_space][vc_single_image image=&#8221;105237&#8243; img_size=&#8221;large&#8221; alignment=&#8221;center&#8221; css=&#8221;&#8221; qode_css_animation=&#8221;&#8221;][\/vc_tta_section][vc_tta_section title=&#8221;Szentes&#8221; tab_id=&#8221;1732875867406-6ded9bbd-1f0e&#8221;][vc_column_text css=&#8221;&#8221;]<\/p>\n<h4><strong>Szentes<\/strong><\/h4>\n<p>Year of establishment: 2020<\/p>\n<p>Address: Szentes 6600, Kiss B\u00e1lint utca 9.<\/p>\n<p>Mentors: <em>S\u00e1ndor Kov\u00e1cs, M\u00e1rta \u0150z\u00e9n\u00e9 T\u00f6r\u0151csik<\/em>[\/vc_column_text][vc_empty_space][vc_single_image image=&#8221;105238&#8243; img_size=&#8221;large&#8221; alignment=&#8221;center&#8221; css=&#8221;&#8221; qode_css_animation=&#8221;&#8221;][\/vc_tta_section][\/vc_tta_pageable][\/vc_column][\/vc_row]<\/p>\n<\/div>","protected":false},"excerpt":{"rendered":"<p>[vc_row row_type=&#8221;row&#8221; use_row_as_full_screen_section=&#8221;no&#8221; type=&#8221;full_width&#8221; text_align=&#8221;left&#8221; css_animation=&#8221;&#8221;][vc_column][vc_tta_pageable no_fill_content_area=&#8221;true&#8221; active_section=&#8221;1&#8243; pagination_style=&#8221;flat-rounded&#8221; pagination_color=&#8221;black&#8221; tab_position=&#8221;top&#8221; css_animation=&#8221;fadeIn&#8221;][vc_tta_section title=&#8221;J\u00e1szber\u00e9ny&#8221; tab_id=&#8221;1732875693028-9990bc12-c49c&#8221;][vc_column_text css=&#8221;&#8221;] J\u00e1szber\u00e9ny Year of establishment: 2005&#8230;<\/p>\n","protected":false},"author":32,"featured_media":0,"parent":44,"menu_order":0,"comment_status":"closed","ping_status":"closed","template":"","meta":{"footnotes":""},"class_list":["post-105221","page","type-page","status-publish","hentry"],"_links":{"self":[{"href":"https:\/\/www.csanyialapitvany.hu\/en\/wp-json\/wp\/v2\/pages\/105221","targetHints":{"allow":["GET"]}}],"collection":[{"href":"https:\/\/www.csanyialapitvany.hu\/en\/wp-json\/wp\/v2\/pages"}],"about":[{"href":"https:\/\/www.csanyialapitvany.hu\/en\/wp-json\/wp\/v2\/types\/page"}],"author":[{"embeddable":true,"href":"https:\/\/www.csanyialapitvany.hu\/en\/wp-json\/wp\/v2\/users\/32"}],"replies":[{"embeddable":true,"href":"https:\/\/www.csanyialapitvany.hu\/en\/wp-json\/wp\/v2\/comments?post=105221"}],"version-history":[{"count":5,"href":"https:\/\/www.csanyialapitvany.hu\/en\/wp-json\/wp\/v2\/pages\/105221\/revisions"}],"predecessor-version":[{"id":116476,"href":"https:\/\/www.csanyialapitvany.hu\/en\/wp-json\/wp\/v2\/pages\/105221\/revisions\/116476"}],"up":[{"embeddable":true,"href":"https:\/\/www.csanyialapitvany.hu\/en\/wp-json\/wp\/v2\/pages\/44"}],"wp:attachment":[{"href":"https:\/\/www.csanyialapitvany.hu\/en\/wp-json\/wp\/v2\/media?parent=105221"}],"curies":[{"name":"wp","href":"https:\/\/api.w.org\/{rel}","templated":true}]}}