{"id":11,"date":"2017-01-19T09:48:33","date_gmt":"2017-01-19T09:48:33","guid":{"rendered":"http:\/\/besocialapps.com\/cafe\/csanyi_alapitvany\/?page_id=11"},"modified":"2022-03-23T12:54:02","modified_gmt":"2022-03-23T12:54:02","slug":"home","status":"publish","type":"page","link":"https:\/\/www.csanyialapitvany.hu\/en\/","title":{"rendered":"Home"},"content":{"rendered":"<div class=\"wpb-content-wrapper\"><p>[vc_row row_type=&#8221;row&#8221; use_row_as_full_screen_section=&#8221;no&#8221; type=&#8221;grid&#8221; text_align=&#8221;left&#8221; css_animation=&#8221;&#8221; css=&#8221;.vc_custom_1485261012400{padding-top: 56px !important;padding-bottom: 56px !important;}&#8221;][vc_column][vc_column_text]<\/p>\n<h2>Latest news<\/h2>\n<p>[\/vc_column_text][vc_separator type=&#8221;small&#8221; position=&#8221;left&#8221; color=&#8221;#ee6e31&#8243; border_style=&#8221;solid&#8221;]<div class='latest_post_holder boxes four_columns one_row'><ul><li class=\"clearfix\"><div class=\"boxes_image\"><a href=\"https:\/\/www.csanyialapitvany.hu\/en\/budapesti-muzeumlatogatas\/\"><img loading=\"lazy\" decoding=\"async\" width=\"550\" height=\"498\" src=\"https:\/\/www.csanyialapitvany.hu\/wp-content\/uploads\/2026\/04\/IMG_0694-550x498.jpg\" class=\"attachment-portfolio-default size-portfolio-default wp-post-image\" alt=\"\" srcset=\"https:\/\/www.csanyialapitvany.hu\/wp-content\/uploads\/2026\/04\/IMG_0694-550x498.jpg 550w, https:\/\/www.csanyialapitvany.hu\/wp-content\/uploads\/2026\/04\/IMG_0694-480x434.jpg 480w, https:\/\/www.csanyialapitvany.hu\/wp-content\/uploads\/2026\/04\/IMG_0694-125x112.jpg 125w\" sizes=\"auto, (max-width: 550px) 100vw, 550px\" \/><span class=\"latest_post_overlay\"><i class=\"icon_plus\" aria-hidden=\"true\"><\/i><\/span><\/a><\/div><div class=\"latest_post\" ><div class=\"latest_post_text\"><span class=\"date_holder post_info_section\"><span class=\"date\">2026. 04. 11.<\/span><\/span><div class=\"latest_post_categories post_info_section\"><a href=\"https:\/\/www.csanyialapitvany.hu\/en\/hirek-kategoria\/egyeb\/\">Egy\u00e9b <\/a> <\/div><h3 class=\"latest_post_title \"><a href=\"https:\/\/www.csanyialapitvany.hu\/en\/budapesti-muzeumlatogatas\/\">A visit to a museum in Budapest<\/a><\/h3><p class=\"excerpt\">Our train to Budapest departed at 7:27 a.m. on April 10, 2026, with Group 3 from Kaposv\u00e1r\u2014accompanied by a few......<\/p><\/div><\/div><\/li><li class=\"clearfix\"><div class=\"boxes_image\"><a href=\"https:\/\/www.csanyialapitvany.hu\/en\/husveti-keszulodes-kaposvaron\/\"><img loading=\"lazy\" decoding=\"async\" width=\"550\" height=\"498\" src=\"https:\/\/www.csanyialapitvany.hu\/wp-content\/uploads\/2026\/04\/P1000904-550x498.jpg\" class=\"attachment-portfolio-default size-portfolio-default wp-post-image\" alt=\"\" srcset=\"https:\/\/www.csanyialapitvany.hu\/wp-content\/uploads\/2026\/04\/P1000904-550x498.jpg 550w, https:\/\/www.csanyialapitvany.hu\/wp-content\/uploads\/2026\/04\/P1000904-480x434.jpg 480w, https:\/\/www.csanyialapitvany.hu\/wp-content\/uploads\/2026\/04\/P1000904-125x112.jpg 125w\" sizes=\"auto, (max-width: 550px) 100vw, 550px\" \/><span class=\"latest_post_overlay\"><i class=\"icon_plus\" aria-hidden=\"true\"><\/i><\/span><\/a><\/div><div class=\"latest_post\" ><div class=\"latest_post_text\"><span class=\"date_holder post_info_section\"><span class=\"date\">2026. 04. 04.<\/span><\/span><div class=\"latest_post_categories post_info_section\"><a href=\"https:\/\/www.csanyialapitvany.hu\/en\/hirek-kategoria\/egyeb\/\">Egy\u00e9b <\/a> <\/div><h3 class=\"latest_post_title \"><a href=\"https:\/\/www.csanyialapitvany.hu\/en\/husveti-keszulodes-kaposvaron\/\">Easter preparations in Kaposv\u00e1r<\/a><\/h3><p class=\"excerpt\">On April 3, 2026, Group 3 in Kaposv\u00e1r welcomed local history researcher Mrs. Orsi P\u00e1lmai. Mrs. Orsi spoke to the......<\/p><\/div><\/div><\/li><li class=\"clearfix\"><div class=\"boxes_image\"><a href=\"https:\/\/www.csanyialapitvany.hu\/en\/mozi-a-husveti-szunetben-kaposvaron\/\"><img loading=\"lazy\" decoding=\"async\" width=\"550\" height=\"498\" src=\"https:\/\/www.csanyialapitvany.hu\/wp-content\/uploads\/2026\/04\/fecc28f3-721f-40f3-abf4-173f9f1b1e12-550x498.jpg\" class=\"attachment-portfolio-default size-portfolio-default wp-post-image\" alt=\"\" srcset=\"https:\/\/www.csanyialapitvany.hu\/wp-content\/uploads\/2026\/04\/fecc28f3-721f-40f3-abf4-173f9f1b1e12-550x498.jpg 550w, https:\/\/www.csanyialapitvany.hu\/wp-content\/uploads\/2026\/04\/fecc28f3-721f-40f3-abf4-173f9f1b1e12-480x434.jpg 480w, https:\/\/www.csanyialapitvany.hu\/wp-content\/uploads\/2026\/04\/fecc28f3-721f-40f3-abf4-173f9f1b1e12-125x112.jpg 125w\" sizes=\"auto, (max-width: 550px) 100vw, 550px\" \/><span class=\"latest_post_overlay\"><i class=\"icon_plus\" aria-hidden=\"true\"><\/i><\/span><\/a><\/div><div class=\"latest_post\" ><div class=\"latest_post_text\"><span class=\"date_holder post_info_section\"><span class=\"date\">2026. 04. 03.<\/span><\/span><div class=\"latest_post_categories post_info_section\"><a href=\"https:\/\/www.csanyialapitvany.hu\/en\/hirek-kategoria\/egyeb\/\">Egy\u00e9b <\/a> <a href=\"https:\/\/www.csanyialapitvany.hu\/en\/hirek-kategoria\/kaposvar\/\">Kaposv\u00e1r <\/a> <\/div><h3 class=\"latest_post_title \"><a href=\"https:\/\/www.csanyialapitvany.hu\/en\/mozi-a-husveti-szunetben-kaposvaron\/\">Cinema During the Easter Break in Kaposv\u00e1r<\/a><\/h3><p class=\"excerpt\">On the morning of Thursday, April 1, Kaposv\u00e1r Group 1 went to the cinema to see the animated film &#8220;Agyugr\u00e1sz&#8221;......<\/p><\/div><\/div><\/li><li class=\"clearfix\"><div class=\"boxes_image\"><a href=\"https:\/\/www.csanyialapitvany.hu\/en\/idei-elso-vacsoraestunk\/\"><img loading=\"lazy\" decoding=\"async\" width=\"550\" height=\"498\" src=\"https:\/\/www.csanyialapitvany.hu\/wp-content\/uploads\/2026\/04\/IMG_4202-550x498.jpeg\" class=\"attachment-portfolio-default size-portfolio-default wp-post-image\" alt=\"\" srcset=\"https:\/\/www.csanyialapitvany.hu\/wp-content\/uploads\/2026\/04\/IMG_4202-550x498.jpeg 550w, https:\/\/www.csanyialapitvany.hu\/wp-content\/uploads\/2026\/04\/IMG_4202-480x434.jpeg 480w, https:\/\/www.csanyialapitvany.hu\/wp-content\/uploads\/2026\/04\/IMG_4202-125x112.jpeg 125w\" sizes=\"auto, (max-width: 550px) 100vw, 550px\" \/><span class=\"latest_post_overlay\"><i class=\"icon_plus\" aria-hidden=\"true\"><\/i><\/span><\/a><\/div><div class=\"latest_post\" ><div class=\"latest_post_text\"><span class=\"date_holder post_info_section\"><span class=\"date\">2026. 04. 01.<\/span><\/span><div class=\"latest_post_categories post_info_section\"><a href=\"https:\/\/www.csanyialapitvany.hu\/en\/hirek-kategoria\/egyeb\/\">Egy\u00e9b <\/a> <a href=\"https:\/\/www.csanyialapitvany.hu\/en\/hirek-kategoria\/s10\/\">S10 <\/a> <\/div><h3 class=\"latest_post_title \"><a href=\"https:\/\/www.csanyialapitvany.hu\/en\/idei-elso-vacsoraestunk\/\">Our First Dinner Evening of the Year<\/a><\/h3><p class=\"excerpt\">The S10 Academy kicked off its first dinner evening of 2026 in a fresh setting, hosted within the walls of......<\/p><\/div><\/div><\/li><\/ul><\/div>[\/vc_column][\/vc_row][vc_row row_type=&#8221;row&#8221; use_row_as_full_screen_section=&#8221;no&#8221; type=&#8221;grid&#8221; text_align=&#8221;left&#8221; css_animation=&#8221;&#8221; css=&#8221;.vc_custom_1485261012400{padding-top: 56px !important;padding-bottom: 56px !important;}&#8221;][vc_column][vc_column_text]<\/p>\n<h2>Feature news<\/h2>\n<p>[\/vc_column_text][vc_separator type=&#8221;small&#8221; position=&#8221;left&#8221; color=&#8221;#ee6e31&#8243; border_style=&#8221;solid&#8221;]<div class='latest_post_holder boxes four_columns one_row'><ul><li class=\"clearfix\"><div class=\"boxes_image\"><a href=\"https:\/\/www.csanyialapitvany.hu\/en\/vacsoraest-pecsett\/\"><img loading=\"lazy\" decoding=\"async\" width=\"550\" height=\"498\" src=\"https:\/\/www.csanyialapitvany.hu\/wp-content\/uploads\/2026\/03\/kep-vacsi-e1773136218690-550x498.png\" class=\"attachment-portfolio-default size-portfolio-default wp-post-image\" alt=\"\" srcset=\"https:\/\/www.csanyialapitvany.hu\/wp-content\/uploads\/2026\/03\/kep-vacsi-e1773136218690-550x498.png 550w, https:\/\/www.csanyialapitvany.hu\/wp-content\/uploads\/2026\/03\/kep-vacsi-e1773136218690-480x434.png 480w, https:\/\/www.csanyialapitvany.hu\/wp-content\/uploads\/2026\/03\/kep-vacsi-e1773136218690-125x112.png 125w\" sizes=\"auto, (max-width: 550px) 100vw, 550px\" \/><span class=\"latest_post_overlay\"><i class=\"icon_plus\" aria-hidden=\"true\"><\/i><\/span><\/a><\/div><div class=\"latest_post\" ><div class=\"latest_post_text\"><span class=\"date_holder post_info_section\"><span class=\"date\">2026. 03. 09.<\/span><\/span><h3 class=\"latest_post_title \"><a href=\"https:\/\/www.csanyialapitvany.hu\/en\/vacsoraest-pecsett\/\">Dinner Evening in P\u00e9cs<\/a><\/h3><p class=\"excerpt\">For the first time this year, the dinner evening organized for university students was also held in P\u00e9cs, following the......<\/p><\/div><\/div><\/li><li class=\"clearfix\"><div class=\"boxes_image\"><a href=\"https:\/\/www.csanyialapitvany.hu\/en\/penztorteneti-kalandozas-nagybajomban\/\"><img loading=\"lazy\" decoding=\"async\" width=\"550\" height=\"498\" src=\"https:\/\/www.csanyialapitvany.hu\/wp-content\/uploads\/2026\/03\/2026-Kelta-Penzek-plakat_page-0001-550x498.jpg\" class=\"attachment-portfolio-default size-portfolio-default wp-post-image\" alt=\"\" srcset=\"https:\/\/www.csanyialapitvany.hu\/wp-content\/uploads\/2026\/03\/2026-Kelta-Penzek-plakat_page-0001-550x498.jpg 550w, https:\/\/www.csanyialapitvany.hu\/wp-content\/uploads\/2026\/03\/2026-Kelta-Penzek-plakat_page-0001-480x434.jpg 480w, https:\/\/www.csanyialapitvany.hu\/wp-content\/uploads\/2026\/03\/2026-Kelta-Penzek-plakat_page-0001-125x112.jpg 125w\" sizes=\"auto, (max-width: 550px) 100vw, 550px\" \/><span class=\"latest_post_overlay\"><i class=\"icon_plus\" aria-hidden=\"true\"><\/i><\/span><\/a><\/div><div class=\"latest_post\" ><div class=\"latest_post_text\"><span class=\"date_holder post_info_section\"><span class=\"date\">2026. 03. 06.<\/span><\/span><h3 class=\"latest_post_title \"><a href=\"https:\/\/www.csanyialapitvany.hu\/en\/penztorteneti-kalandozas-nagybajomban\/\">Exploring the History of Money in Nagybajom<\/a><\/h3><p class=\"excerpt\">\u201cFrom Ringing Gold Forints to Silent Banknotes\u201d \u2013 is the title of the exciting, innovative lecture series launching in the......<\/p><\/div><\/div><\/li><li class=\"clearfix\"><div class=\"boxes_image\"><a href=\"https:\/\/www.csanyialapitvany.hu\/en\/verselo-kaposvaron\/\"><img loading=\"lazy\" decoding=\"async\" width=\"550\" height=\"498\" src=\"https:\/\/www.csanyialapitvany.hu\/wp-content\/uploads\/2026\/03\/DSC_0039-550x498.jpg\" class=\"attachment-portfolio-default size-portfolio-default wp-post-image\" alt=\"\" srcset=\"https:\/\/www.csanyialapitvany.hu\/wp-content\/uploads\/2026\/03\/DSC_0039-550x498.jpg 550w, https:\/\/www.csanyialapitvany.hu\/wp-content\/uploads\/2026\/03\/DSC_0039-480x434.jpg 480w, https:\/\/www.csanyialapitvany.hu\/wp-content\/uploads\/2026\/03\/DSC_0039-125x112.jpg 125w\" sizes=\"auto, (max-width: 550px) 100vw, 550px\" \/><span class=\"latest_post_overlay\"><i class=\"icon_plus\" aria-hidden=\"true\"><\/i><\/span><\/a><\/div><div class=\"latest_post\" ><div class=\"latest_post_text\"><span class=\"date_holder post_info_section\"><span class=\"date\">2026. 03. 02.<\/span><\/span><h3 class=\"latest_post_title \"><a href=\"https:\/\/www.csanyialapitvany.hu\/en\/verselo-kaposvaron\/\">Poemfest in Kaposv\u00e1r<\/a><\/h3><p class=\"excerpt\">&#8220;A poem is that which must be spoken&#8221; \u2013 we chose this thought by S\u00e1ndor K\u00e1ny\u00e1di as our motto, and......<\/p><\/div><\/div><\/li><li class=\"clearfix\"><div class=\"boxes_image\"><a href=\"https:\/\/www.csanyialapitvany.hu\/en\/allami-es-egyetemi-kituntetesekkel-ismertek-el-kaposvari-onkenteseink-munkajat\/\"><img loading=\"lazy\" decoding=\"async\" width=\"550\" height=\"498\" src=\"https:\/\/www.csanyialapitvany.hu\/wp-content\/uploads\/2026\/02\/Nevtelen-terv-1-550x498.jpg\" class=\"attachment-portfolio-default size-portfolio-default wp-post-image\" alt=\"\" srcset=\"https:\/\/www.csanyialapitvany.hu\/wp-content\/uploads\/2026\/02\/Nevtelen-terv-1-550x498.jpg 550w, https:\/\/www.csanyialapitvany.hu\/wp-content\/uploads\/2026\/02\/Nevtelen-terv-1-480x434.jpg 480w, https:\/\/www.csanyialapitvany.hu\/wp-content\/uploads\/2026\/02\/Nevtelen-terv-1-125x112.jpg 125w\" sizes=\"auto, (max-width: 550px) 100vw, 550px\" \/><span class=\"latest_post_overlay\"><i class=\"icon_plus\" aria-hidden=\"true\"><\/i><\/span><\/a><\/div><div class=\"latest_post\" ><div class=\"latest_post_text\"><span class=\"date_holder post_info_section\"><span class=\"date\">2026. 02. 24.<\/span><\/span><h3 class=\"latest_post_title \"><a href=\"https:\/\/www.csanyialapitvany.hu\/en\/allami-es-egyetemi-kituntetesekkel-ismertek-el-kaposvari-onkenteseink-munkajat\/\">Our Volunteers Receive State and University Awards<\/a><\/h3><p class=\"excerpt\">It is with great pride that we announce that within the walls of the Kaposv\u00e1r Campus of the Hungarian University......<\/p><\/div><\/div><\/li><\/ul><\/div>[\/vc_column][\/vc_row]<\/p>\n<\/div>","protected":false},"excerpt":{"rendered":"<p>[vc_row row_type=&#8221;row&#8221; use_row_as_full_screen_section=&#8221;no&#8221; type=&#8221;grid&#8221; text_align=&#8221;left&#8221; css_animation=&#8221;&#8221; css=&#8221;.vc_custom_1485261012400{padding-top: 56px !important;padding-bottom: 56px !important;}&#8221;][vc_column][vc_column_text] Latest news [\/vc_column_text][vc_separator type=&#8221;small&#8221; position=&#8221;left&#8221; color=&#8221;#ee6e31&#8243; border_style=&#8221;solid&#8221;][\/vc_column][\/vc_row][vc_row row_type=&#8221;row&#8221; use_row_as_full_screen_section=&#8221;no&#8221;&#8230;<\/p>\n","protected":false},"author":32,"featured_media":0,"parent":0,"menu_order":0,"comment_status":"closed","ping_status":"closed","template":"full_width.php","meta":{"footnotes":""},"class_list":["post-11","page","type-page","status-publish","hentry"],"_links":{"self":[{"href":"https:\/\/www.csanyialapitvany.hu\/en\/wp-json\/wp\/v2\/pages\/11","targetHints":{"allow":["GET"]}}],"collection":[{"href":"https:\/\/www.csanyialapitvany.hu\/en\/wp-json\/wp\/v2\/pages"}],"about":[{"href":"https:\/\/www.csanyialapitvany.hu\/en\/wp-json\/wp\/v2\/types\/page"}],"author":[{"embeddable":true,"href":"https:\/\/www.csanyialapitvany.hu\/en\/wp-json\/wp\/v2\/users\/32"}],"replies":[{"embeddable":true,"href":"https:\/\/www.csanyialapitvany.hu\/en\/wp-json\/wp\/v2\/comments?post=11"}],"version-history":[{"count":5,"href":"https:\/\/www.csanyialapitvany.hu\/en\/wp-json\/wp\/v2\/pages\/11\/revisions"}],"predecessor-version":[{"id":72991,"href":"https:\/\/www.csanyialapitvany.hu\/en\/wp-json\/wp\/v2\/pages\/11\/revisions\/72991"}],"wp:attachment":[{"href":"https:\/\/www.csanyialapitvany.hu\/en\/wp-json\/wp\/v2\/media?parent=11"}],"curies":[{"name":"wp","href":"https:\/\/api.w.org\/{rel}","templated":true}]}}