{"id":273,"date":"2017-02-24T16:55:33","date_gmt":"2017-02-24T16:55:33","guid":{"rendered":"http:\/\/besocialapps.com\/cafe\/csanyi_alapitvany\/?page_id=273"},"modified":"2025-05-22T12:19:31","modified_gmt":"2025-05-22T12:19:31","slug":"mentorok","status":"publish","type":"page","link":"https:\/\/www.csanyialapitvany.hu\/en\/rolunk\/szervezet\/mentorok\/","title":{"rendered":"Mentors"},"content":{"rendered":"<div class=\"wpb-content-wrapper\"><p>[vc_row row_type=&#8221;row&#8221; use_row_as_full_screen_section=&#8221;no&#8221; type=&#8221;full_width&#8221; text_align=&#8221;left&#8221; css_animation=&#8221;&#8221; el_id=&#8221;mentorok&#8221; css=&#8221;.vc_custom_1488208365865{padding-bottom: 84px !important;}&#8221;][vc_column][vc_column_text]<div class=\"menu-szervezet-container\"><ul id=\"menu-szervezet\" class=\"menu\"><li id=\"menu-item-318\" class=\"menu-item menu-item-type-post_type menu-item-object-page menu-item-318\"><a href=\"https:\/\/www.csanyialapitvany.hu\/en\/rolunk\/szervezet\/kuratorium\/\">Board of directors<\/a><\/li>\n<li id=\"menu-item-317\" class=\"menu-item menu-item-type-post_type menu-item-object-page menu-item-317\"><a href=\"https:\/\/www.csanyialapitvany.hu\/en\/rolunk\/szervezet\/felugyelo-szerv\/\">Supervisory body<\/a><\/li>\n<li id=\"menu-item-316\" class=\"menu-item menu-item-type-post_type menu-item-object-page menu-item-316\"><a href=\"https:\/\/www.csanyialapitvany.hu\/en\/rolunk\/szervezet\/alapitvanyi-iroda\/\">Coworkers<\/a><\/li>\n<li id=\"menu-item-319\" class=\"menu-item menu-item-type-post_type menu-item-object-page menu-item-319\"><a href=\"https:\/\/www.csanyialapitvany.hu\/en\/rolunk\/szervezet\/mentorok\/\">Mentors<\/a><\/li>\n<li id=\"menu-item-86062\" class=\"menu-item menu-item-type-post_type menu-item-object-page menu-item-86062\"><a href=\"https:\/\/www.csanyialapitvany.hu\/en\/rolunk\/szervezet\/gyermekparlament\/\">Students\u2019 Parliament<\/a><\/li>\n<li id=\"menu-item-86114\" class=\"menu-item menu-item-type-post_type menu-item-object-page menu-item-86114\"><a href=\"https:\/\/www.csanyialapitvany.hu\/en\/rolunk\/szervezet\/nagykovetek\/\">Ambassadors<\/a><\/li>\n<\/ul><\/div>[\/vc_column_text]<div class='projects_holder_outer v3 portfolio_no_space portfolio_standard '><div class='projects_holder clearfix v3 standard_no_space portfolio_default_image '>\n<article class='mix portfolio_category_17 '><div class='image_holder default_hover'><span class='image'><img loading=\"lazy\" decoding=\"async\" width=\"550\" height=\"498\" src=\"https:\/\/www.csanyialapitvany.hu\/wp-content\/uploads\/2017\/03\/M18C0260-002-scaled-e1717400246629-550x498.jpg\" class=\"attachment-portfolio-default size-portfolio-default wp-post-image\" alt=\"\" srcset=\"https:\/\/www.csanyialapitvany.hu\/wp-content\/uploads\/2017\/03\/M18C0260-002-scaled-e1717400246629-550x498.jpg 550w, https:\/\/www.csanyialapitvany.hu\/wp-content\/uploads\/2017\/03\/M18C0260-002-scaled-e1717400246629-480x434.jpg 480w, https:\/\/www.csanyialapitvany.hu\/wp-content\/uploads\/2017\/03\/M18C0260-002-scaled-e1717400246629-125x112.jpg 125w\" sizes=\"auto, (max-width: 550px) 100vw, 550px\" \/><\/span><a class='portfolio_link_class' href='https:\/\/www.csanyialapitvany.hu\/en\/portfolio_page\/balint-orsos-andrea\/' target='_self'><\/a><div class=\"portfolio_shader\"><\/div><div class=\"icons_holder\"><div class=\"icons_holder_inner\"><\/div><\/div><\/div><div class='portfolio_description  text_align_center'><div class=\"gallery_list_date\"><span class=\"time\">06 1, 2024<\/span><\/div><h4 class=\"portfolio_title\" ><a href=\"https:\/\/www.csanyialapitvany.hu\/en\/portfolio_page\/balint-orsos-andrea\/\" target=\"_self\">Andrea B\u00e1lint-Ors\u00f3s<\/a><\/h4><h6 class=\"portfolio_subtitle\"><\/h6><\/div><\/article>\n<article class='mix portfolio_category_17 '><div class='image_holder default_hover'><span class='image'><img loading=\"lazy\" decoding=\"async\" width=\"550\" height=\"498\" src=\"https:\/\/www.csanyialapitvany.hu\/wp-content\/uploads\/2017\/03\/B.-Luca-550x498.jpg\" class=\"attachment-portfolio-default size-portfolio-default wp-post-image\" alt=\"\" srcset=\"https:\/\/www.csanyialapitvany.hu\/wp-content\/uploads\/2017\/03\/B.-Luca-550x498.jpg 550w, https:\/\/www.csanyialapitvany.hu\/wp-content\/uploads\/2017\/03\/B.-Luca-480x434.jpg 480w, https:\/\/www.csanyialapitvany.hu\/wp-content\/uploads\/2017\/03\/B.-Luca-125x112.jpg 125w\" sizes=\"auto, (max-width: 550px) 100vw, 550px\" \/><\/span><a class='portfolio_link_class' href='https:\/\/www.csanyialapitvany.hu\/en\/portfolio_page\/borsy-luca\/' target='_self'><\/a><div class=\"portfolio_shader\"><\/div><div class=\"icons_holder\"><div class=\"icons_holder_inner\"><\/div><\/div><\/div><div class='portfolio_description  text_align_center'><div class=\"gallery_list_date\"><span class=\"time\">03 16, 2017<\/span><\/div><h4 class=\"portfolio_title\" ><a href=\"https:\/\/www.csanyialapitvany.hu\/en\/portfolio_page\/borsy-luca\/\" target=\"_self\">Luca Borsy<\/a><\/h4><h6 class=\"portfolio_subtitle\"><\/h6><\/div><\/article>\n<article class='mix portfolio_category_17 '><div class='image_holder default_hover'><span class='image'><img loading=\"lazy\" decoding=\"async\" width=\"550\" height=\"498\" src=\"https:\/\/www.csanyialapitvany.hu\/wp-content\/uploads\/2017\/03\/te3-550x498.jpg\" class=\"attachment-portfolio-default size-portfolio-default wp-post-image\" alt=\"\" srcset=\"https:\/\/www.csanyialapitvany.hu\/wp-content\/uploads\/2017\/03\/te3-550x498.jpg 550w, https:\/\/www.csanyialapitvany.hu\/wp-content\/uploads\/2017\/03\/te3-480x434.jpg 480w, https:\/\/www.csanyialapitvany.hu\/wp-content\/uploads\/2017\/03\/te3-125x112.jpg 125w\" sizes=\"auto, (max-width: 550px) 100vw, 550px\" \/><\/span><a class='portfolio_link_class' href='https:\/\/www.csanyialapitvany.hu\/en\/portfolio_page\/eles-annamaria\/' target='_self'><\/a><div class=\"portfolio_shader\"><\/div><div class=\"icons_holder\"><div class=\"icons_holder_inner\"><\/div><\/div><\/div><div class='portfolio_description  text_align_center'><div class=\"gallery_list_date\"><span class=\"time\">06 1, 2024<\/span><\/div><h4 class=\"portfolio_title\" ><a href=\"https:\/\/www.csanyialapitvany.hu\/en\/portfolio_page\/eles-annamaria\/\" target=\"_self\">Annam\u00e1ria \u00c9les<\/a><\/h4><h6 class=\"portfolio_subtitle\"><\/h6><\/div><\/article>\n<article class='mix portfolio_category_17 '><div class='image_holder default_hover'><span class='image'><img loading=\"lazy\" decoding=\"async\" width=\"550\" height=\"498\" src=\"https:\/\/www.csanyialapitvany.hu\/wp-content\/uploads\/2020\/01\/Bemutatkozo-foto-Sanya-550x498.jpg\" class=\"attachment-portfolio-default size-portfolio-default wp-post-image\" alt=\"\" srcset=\"https:\/\/www.csanyialapitvany.hu\/wp-content\/uploads\/2020\/01\/Bemutatkozo-foto-Sanya-550x498.jpg 550w, https:\/\/www.csanyialapitvany.hu\/wp-content\/uploads\/2020\/01\/Bemutatkozo-foto-Sanya-480x434.jpg 480w, https:\/\/www.csanyialapitvany.hu\/wp-content\/uploads\/2020\/01\/Bemutatkozo-foto-Sanya-125x112.jpg 125w\" sizes=\"auto, (max-width: 550px) 100vw, 550px\" \/><\/span><a class='portfolio_link_class' href='https:\/\/www.csanyialapitvany.hu\/en\/portfolio_page\/kovacs-sandor\/' target='_self'><\/a><div class=\"portfolio_shader\"><\/div><div class=\"icons_holder\"><div class=\"icons_holder_inner\"><\/div><\/div><\/div><div class='portfolio_description  text_align_center'><div class=\"gallery_list_date\"><span class=\"time\">01 21, 2020<\/span><\/div><h4 class=\"portfolio_title\" ><a href=\"https:\/\/www.csanyialapitvany.hu\/en\/portfolio_page\/kovacs-sandor\/\" target=\"_self\">S\u00e1ndor Kov\u00e1cs<\/a><\/h4><h6 class=\"portfolio_subtitle\"><\/h6><\/div><\/article>\n<article class='mix portfolio_category_17 '><div class='image_holder default_hover'><span class='image'><img loading=\"lazy\" decoding=\"async\" width=\"550\" height=\"498\" src=\"https:\/\/www.csanyialapitvany.hu\/wp-content\/uploads\/2017\/03\/Erika-1-550x498.jpg\" class=\"attachment-portfolio-default size-portfolio-default wp-post-image\" alt=\"\" srcset=\"https:\/\/www.csanyialapitvany.hu\/wp-content\/uploads\/2017\/03\/Erika-1-550x498.jpg 550w, https:\/\/www.csanyialapitvany.hu\/wp-content\/uploads\/2017\/03\/Erika-1-480x434.jpg 480w, https:\/\/www.csanyialapitvany.hu\/wp-content\/uploads\/2017\/03\/Erika-1-125x112.jpg 125w\" sizes=\"auto, (max-width: 550px) 100vw, 550px\" \/><\/span><a class='portfolio_link_class' href='https:\/\/www.csanyialapitvany.hu\/en\/portfolio_page\/bodor-erika\/' target='_self'><\/a><div class=\"portfolio_shader\"><\/div><div class=\"icons_holder\"><div class=\"icons_holder_inner\"><\/div><\/div><\/div><div class='portfolio_description  text_align_center'><div class=\"gallery_list_date\"><span class=\"time\">03 16, 2017<\/span><\/div><h4 class=\"portfolio_title\" ><a href=\"https:\/\/www.csanyialapitvany.hu\/en\/portfolio_page\/bodor-erika\/\" target=\"_self\">(Mrs) Erika Kov\u00e1csn\u00e9 Bodor<\/a><\/h4><h6 class=\"portfolio_subtitle\"><\/h6><\/div><\/article>\n<article class='mix portfolio_category_17 '><div class='image_holder default_hover'><span class='image'><img loading=\"lazy\" decoding=\"async\" width=\"550\" height=\"498\" src=\"https:\/\/www.csanyialapitvany.hu\/wp-content\/uploads\/2017\/02\/Szeged_2_Mikics_Peter.jpg\" class=\"attachment-portfolio-default size-portfolio-default wp-post-image\" alt=\"\" srcset=\"https:\/\/www.csanyialapitvany.hu\/wp-content\/uploads\/2017\/02\/Szeged_2_Mikics_Peter.jpg 550w, https:\/\/www.csanyialapitvany.hu\/wp-content\/uploads\/2017\/02\/Szeged_2_Mikics_Peter-300x272.jpg 300w, https:\/\/www.csanyialapitvany.hu\/wp-content\/uploads\/2017\/02\/Szeged_2_Mikics_Peter-480x434.jpg 480w, https:\/\/www.csanyialapitvany.hu\/wp-content\/uploads\/2017\/02\/Szeged_2_Mikics_Peter-125x112.jpg 125w\" sizes=\"auto, (max-width: 550px) 100vw, 550px\" \/><\/span><a class='portfolio_link_class' href='https:\/\/www.csanyialapitvany.hu\/en\/portfolio_page\/mikics-peter\/' target='_self'><\/a><div class=\"portfolio_shader\"><\/div><div class=\"icons_holder\"><div class=\"icons_holder_inner\"><\/div><\/div><\/div><div class='portfolio_description  text_align_center'><div class=\"gallery_list_date\"><span class=\"time\">11 5, 2022<\/span><\/div><h4 class=\"portfolio_title\" ><a href=\"https:\/\/www.csanyialapitvany.hu\/en\/portfolio_page\/mikics-peter\/\" target=\"_self\">P\u00e9ter Mikics<\/a><\/h4><h6 class=\"portfolio_subtitle\"><\/h6><\/div><\/article>\n<article class='mix portfolio_category_17 '><div class='image_holder default_hover'><span class='image'><img loading=\"lazy\" decoding=\"async\" width=\"550\" height=\"498\" src=\"https:\/\/www.csanyialapitvany.hu\/wp-content\/uploads\/2017\/02\/Jaszbereny_3_Nagy_Ildiko.jpg\" class=\"attachment-portfolio-default size-portfolio-default wp-post-image\" alt=\"\" srcset=\"https:\/\/www.csanyialapitvany.hu\/wp-content\/uploads\/2017\/02\/Jaszbereny_3_Nagy_Ildiko.jpg 550w, https:\/\/www.csanyialapitvany.hu\/wp-content\/uploads\/2017\/02\/Jaszbereny_3_Nagy_Ildiko-300x272.jpg 300w, https:\/\/www.csanyialapitvany.hu\/wp-content\/uploads\/2017\/02\/Jaszbereny_3_Nagy_Ildiko-480x434.jpg 480w, https:\/\/www.csanyialapitvany.hu\/wp-content\/uploads\/2017\/02\/Jaszbereny_3_Nagy_Ildiko-125x112.jpg 125w\" sizes=\"auto, (max-width: 550px) 100vw, 550px\" \/><\/span><a class='portfolio_link_class' href='https:\/\/www.csanyialapitvany.hu\/en\/portfolio_page\/nagy-ildiko\/' target='_self'><\/a><div class=\"portfolio_shader\"><\/div><div class=\"icons_holder\"><div class=\"icons_holder_inner\"><\/div><\/div><\/div><div class='portfolio_description  text_align_center'><div class=\"gallery_list_date\"><span class=\"time\">02 27, 2017<\/span><\/div><h4 class=\"portfolio_title\" ><a href=\"https:\/\/www.csanyialapitvany.hu\/en\/portfolio_page\/nagy-ildiko\/\" target=\"_self\">Ildik\u00f3 Nagy<\/a><\/h4><h6 class=\"portfolio_subtitle\"><\/h6><\/div><\/article>\n<article class='mix portfolio_category_17 '><div class='image_holder default_hover'><span class='image'><img loading=\"lazy\" decoding=\"async\" width=\"550\" height=\"498\" src=\"https:\/\/www.csanyialapitvany.hu\/wp-content\/uploads\/2017\/03\/N_B_Szilvia-550x498.jpg\" class=\"attachment-portfolio-default size-portfolio-default wp-post-image\" alt=\"\" srcset=\"https:\/\/www.csanyialapitvany.hu\/wp-content\/uploads\/2017\/03\/N_B_Szilvia-550x498.jpg 550w, https:\/\/www.csanyialapitvany.hu\/wp-content\/uploads\/2017\/03\/N_B_Szilvia-480x434.jpg 480w, https:\/\/www.csanyialapitvany.hu\/wp-content\/uploads\/2017\/03\/N_B_Szilvia-125x112.jpg 125w\" sizes=\"auto, (max-width: 550px) 100vw, 550px\" \/><\/span><a class='portfolio_link_class' href='https:\/\/www.csanyialapitvany.hu\/en\/portfolio_page\/nemethne-bunovacz-szilvia\/' target='_self'><\/a><div class=\"portfolio_shader\"><\/div><div class=\"icons_holder\"><div class=\"icons_holder_inner\"><\/div><\/div><\/div><div class='portfolio_description  text_align_center'><div class=\"gallery_list_date\"><span class=\"time\">03 16, 2017<\/span><\/div><h4 class=\"portfolio_title\" ><a href=\"https:\/\/www.csanyialapitvany.hu\/en\/portfolio_page\/nemethne-bunovacz-szilvia\/\" target=\"_self\">(Mrs) Szilvia N\u00e9methn\u00e9 Bunov\u00e1cz<\/a><\/h4><h6 class=\"portfolio_subtitle\"><\/h6><\/div><\/article>\n<article class='mix portfolio_category_17 '><div class='image_holder default_hover'><span class='image'><img loading=\"lazy\" decoding=\"async\" width=\"550\" height=\"498\" src=\"https:\/\/www.csanyialapitvany.hu\/wp-content\/uploads\/2017\/02\/Jaszbereny_2_Olah_Tamas.jpg\" class=\"attachment-portfolio-default size-portfolio-default wp-post-image\" alt=\"\" srcset=\"https:\/\/www.csanyialapitvany.hu\/wp-content\/uploads\/2017\/02\/Jaszbereny_2_Olah_Tamas.jpg 550w, https:\/\/www.csanyialapitvany.hu\/wp-content\/uploads\/2017\/02\/Jaszbereny_2_Olah_Tamas-300x272.jpg 300w, https:\/\/www.csanyialapitvany.hu\/wp-content\/uploads\/2017\/02\/Jaszbereny_2_Olah_Tamas-480x434.jpg 480w, https:\/\/www.csanyialapitvany.hu\/wp-content\/uploads\/2017\/02\/Jaszbereny_2_Olah_Tamas-125x112.jpg 125w\" sizes=\"auto, (max-width: 550px) 100vw, 550px\" \/><\/span><a class='portfolio_link_class' href='https:\/\/www.csanyialapitvany.hu\/en\/portfolio_page\/olah-tamas\/' target='_self'><\/a><div class=\"portfolio_shader\"><\/div><div class=\"icons_holder\"><div class=\"icons_holder_inner\"><\/div><\/div><\/div><div class='portfolio_description  text_align_center'><div class=\"gallery_list_date\"><span class=\"time\">02 27, 2017<\/span><\/div><h4 class=\"portfolio_title\" ><a href=\"https:\/\/www.csanyialapitvany.hu\/en\/portfolio_page\/olah-tamas\/\" target=\"_self\">Tam\u00e1s Ol\u00e1h<\/a><\/h4><h6 class=\"portfolio_subtitle\"><\/h6><\/div><\/article>\n<article class='mix portfolio_category_17 '><div class='image_holder default_hover'><span class='image'><img loading=\"lazy\" decoding=\"async\" width=\"550\" height=\"498\" src=\"https:\/\/www.csanyialapitvany.hu\/wp-content\/uploads\/2020\/01\/Fot\u00f3_\u0150T_M\u00e1rta-kicsi-550x498.jpg\" class=\"attachment-portfolio-default size-portfolio-default wp-post-image\" alt=\"\" srcset=\"https:\/\/www.csanyialapitvany.hu\/wp-content\/uploads\/2020\/01\/Fot\u00f3_\u0150T_M\u00e1rta-kicsi.jpg 550w, https:\/\/www.csanyialapitvany.hu\/wp-content\/uploads\/2020\/01\/Fot\u00f3_\u0150T_M\u00e1rta-kicsi-300x272.jpg 300w, https:\/\/www.csanyialapitvany.hu\/wp-content\/uploads\/2020\/01\/Fot\u00f3_\u0150T_M\u00e1rta-kicsi-480x434.jpg 480w, https:\/\/www.csanyialapitvany.hu\/wp-content\/uploads\/2020\/01\/Fot\u00f3_\u0150T_M\u00e1rta-kicsi-125x112.jpg 125w\" sizes=\"auto, (max-width: 550px) 100vw, 550px\" \/><\/span><a class='portfolio_link_class' href='https:\/\/www.csanyialapitvany.hu\/en\/portfolio_page\/ozene-torocsik-marta\/' target='_self'><\/a><div class=\"portfolio_shader\"><\/div><div class=\"icons_holder\"><div class=\"icons_holder_inner\"><\/div><\/div><\/div><div class='portfolio_description  text_align_center'><div class=\"gallery_list_date\"><span class=\"time\">01 28, 2020<\/span><\/div><h4 class=\"portfolio_title\" ><a href=\"https:\/\/www.csanyialapitvany.hu\/en\/portfolio_page\/ozene-torocsik-marta\/\" target=\"_self\">(Mrs) M\u00e1rta \u0150z\u00e9n\u00e9 T\u00f6r\u0151csik<\/a><\/h4><h6 class=\"portfolio_subtitle\"><\/h6><\/div><\/article>\n<article class='mix portfolio_category_17 '><div class='image_holder default_hover'><span class='image'><img loading=\"lazy\" decoding=\"async\" width=\"550\" height=\"498\" src=\"https:\/\/www.csanyialapitvany.hu\/wp-content\/uploads\/2017\/05\/R-550x498.jpg\" class=\"attachment-portfolio-default size-portfolio-default wp-post-image\" alt=\"\" srcset=\"https:\/\/www.csanyialapitvany.hu\/wp-content\/uploads\/2017\/05\/R-550x498.jpg 550w, https:\/\/www.csanyialapitvany.hu\/wp-content\/uploads\/2017\/05\/R-480x434.jpg 480w, https:\/\/www.csanyialapitvany.hu\/wp-content\/uploads\/2017\/05\/R-125x112.jpg 125w\" sizes=\"auto, (max-width: 550px) 100vw, 550px\" \/><\/span><a class='portfolio_link_class' href='https:\/\/www.csanyialapitvany.hu\/en\/portfolio_page\/szabo-roland\/' target='_self'><\/a><div class=\"portfolio_shader\"><\/div><div class=\"icons_holder\"><div class=\"icons_holder_inner\"><\/div><\/div><\/div><div class='portfolio_description  text_align_center'><div class=\"gallery_list_date\"><span class=\"time\">05 15, 2017<\/span><\/div><h4 class=\"portfolio_title\" ><a href=\"https:\/\/www.csanyialapitvany.hu\/en\/portfolio_page\/szabo-roland\/\" target=\"_self\">Roland Szab\u00f3<\/a><\/h4><h6 class=\"portfolio_subtitle\"><\/h6><\/div><\/article>\n<article class='mix portfolio_category_17 '><div class='image_holder default_hover'><span class='image'><img loading=\"lazy\" decoding=\"async\" width=\"550\" height=\"498\" src=\"https:\/\/www.csanyialapitvany.hu\/wp-content\/uploads\/2023\/04\/szerzo_dorina_2-550x498.jpg\" class=\"attachment-portfolio-default size-portfolio-default wp-post-image\" alt=\"\" srcset=\"https:\/\/www.csanyialapitvany.hu\/wp-content\/uploads\/2023\/04\/szerzo_dorina_2-550x498.jpg 550w, https:\/\/www.csanyialapitvany.hu\/wp-content\/uploads\/2023\/04\/szerzo_dorina_2-480x434.jpg 480w, https:\/\/www.csanyialapitvany.hu\/wp-content\/uploads\/2023\/04\/szerzo_dorina_2-125x112.jpg 125w\" sizes=\"auto, (max-width: 550px) 100vw, 550px\" \/><\/span><a class='portfolio_link_class' href='https:\/\/www.csanyialapitvany.hu\/en\/portfolio_page\/szerzo-dorina\/' target='_self'><\/a><div class=\"portfolio_shader\"><\/div><div class=\"icons_holder\"><div class=\"icons_holder_inner\"><\/div><\/div><\/div><div class='portfolio_description  text_align_center'><div class=\"gallery_list_date\"><span class=\"time\">04 3, 2023<\/span><\/div><h4 class=\"portfolio_title\" ><a href=\"https:\/\/www.csanyialapitvany.hu\/en\/portfolio_page\/szerzo-dorina\/\" target=\"_self\">Dorina Szerz\u0151<\/a><\/h4><h6 class=\"portfolio_subtitle\"><\/h6><\/div><\/article>\n<article class='mix portfolio_category_17 '><div class='image_holder default_hover'><span class='image'><\/span><a class='portfolio_link_class' href='https:\/\/www.csanyialapitvany.hu\/en\/portfolio_page\/sziraki-judit\/' target='_self'><\/a><div class=\"portfolio_shader\"><\/div><div class=\"icons_holder\"><div class=\"icons_holder_inner\"><\/div><\/div><\/div><div class='portfolio_description  text_align_center'><div class=\"gallery_list_date\"><span class=\"time\">02 24, 2017<\/span><\/div><h4 class=\"portfolio_title\" ><a href=\"https:\/\/www.csanyialapitvany.hu\/en\/portfolio_page\/sziraki-judit\/\" target=\"_self\">Judit Szir\u00e1ki<\/a><\/h4><h6 class=\"portfolio_subtitle\"><\/h6><\/div><\/article>\n<article class='mix portfolio_category_17 '><div class='image_holder default_hover'><span class='image'><img loading=\"lazy\" decoding=\"async\" width=\"550\" height=\"498\" src=\"https:\/\/www.csanyialapitvany.hu\/wp-content\/uploads\/2024\/06\/honlapra-URRA-scaled-e1772786159400-550x498.jpg\" class=\"attachment-portfolio-default size-portfolio-default wp-post-image\" alt=\"\" srcset=\"https:\/\/www.csanyialapitvany.hu\/wp-content\/uploads\/2024\/06\/honlapra-URRA-scaled-e1772786159400-550x498.jpg 550w, https:\/\/www.csanyialapitvany.hu\/wp-content\/uploads\/2024\/06\/honlapra-URRA-scaled-e1772786159400-480x434.jpg 480w, https:\/\/www.csanyialapitvany.hu\/wp-content\/uploads\/2024\/06\/honlapra-URRA-scaled-e1772786159400-125x112.jpg 125w\" sizes=\"auto, (max-width: 550px) 100vw, 550px\" \/><\/span><a class='portfolio_link_class' href='https:\/\/www.csanyialapitvany.hu\/en\/portfolio_page\/urr-andras\/' target='_self'><\/a><div class=\"portfolio_shader\"><\/div><div class=\"icons_holder\"><div class=\"icons_holder_inner\"><\/div><\/div><\/div><div class='portfolio_description  text_align_center'><div class=\"gallery_list_date\"><span class=\"time\">06 1, 2024<\/span><\/div><h4 class=\"portfolio_title\" ><a href=\"https:\/\/www.csanyialapitvany.hu\/en\/portfolio_page\/urr-andras\/\" target=\"_self\">Andr\u00e1s Urr<\/a><\/h4><h6 class=\"portfolio_subtitle\"><\/h6><\/div><\/article>\n<article class='mix portfolio_category_17 '><div class='image_holder default_hover'><span class='image'><img loading=\"lazy\" decoding=\"async\" width=\"550\" height=\"498\" src=\"https:\/\/www.csanyialapitvany.hu\/wp-content\/uploads\/2017\/02\/V_Sarkozi-Angela_mentor-550x498.jpg\" class=\"attachment-portfolio-default size-portfolio-default wp-post-image\" alt=\"\" srcset=\"https:\/\/www.csanyialapitvany.hu\/wp-content\/uploads\/2017\/02\/V_Sarkozi-Angela_mentor-550x498.jpg 550w, https:\/\/www.csanyialapitvany.hu\/wp-content\/uploads\/2017\/02\/V_Sarkozi-Angela_mentor-480x434.jpg 480w, https:\/\/www.csanyialapitvany.hu\/wp-content\/uploads\/2017\/02\/V_Sarkozi-Angela_mentor-125x112.jpg 125w\" sizes=\"auto, (max-width: 550px) 100vw, 550px\" \/><\/span><a class='portfolio_link_class' href='https:\/\/www.csanyialapitvany.hu\/en\/portfolio_page\/vancsurane-sarkozi-angela\/' target='_self'><\/a><div class=\"portfolio_shader\"><\/div><div class=\"icons_holder\"><div class=\"icons_holder_inner\"><\/div><\/div><\/div><div class='portfolio_description  text_align_center'><div class=\"gallery_list_date\"><span class=\"time\">02 27, 2017<\/span><\/div><h4 class=\"portfolio_title\" ><a href=\"https:\/\/www.csanyialapitvany.hu\/en\/portfolio_page\/vancsurane-sarkozi-angela\/\" target=\"_self\">(Mrs) Ang\u00e9la Vancsur\u00e1n\u00e9 S\u00e1rk\u00f6zi<\/a><\/h4><h6 class=\"portfolio_subtitle\"><\/h6><\/div><\/article>\n<article class='mix portfolio_category_17 '><div class='image_holder default_hover'><span class='image'><img loading=\"lazy\" decoding=\"async\" width=\"550\" height=\"498\" src=\"https:\/\/www.csanyialapitvany.hu\/wp-content\/uploads\/2017\/03\/Istvan_portre_nagy_1-e1747396256813-550x498.jpg\" class=\"attachment-portfolio-default size-portfolio-default wp-post-image\" alt=\"\" srcset=\"https:\/\/www.csanyialapitvany.hu\/wp-content\/uploads\/2017\/03\/Istvan_portre_nagy_1-e1747396256813-550x498.jpg 550w, https:\/\/www.csanyialapitvany.hu\/wp-content\/uploads\/2017\/03\/Istvan_portre_nagy_1-e1747396256813-480x434.jpg 480w, https:\/\/www.csanyialapitvany.hu\/wp-content\/uploads\/2017\/03\/Istvan_portre_nagy_1-e1747396256813-125x112.jpg 125w\" sizes=\"auto, (max-width: 550px) 100vw, 550px\" \/><\/span><a class='portfolio_link_class' href='https:\/\/www.csanyialapitvany.hu\/en\/portfolio_page\/vidakovics-istvan\/' target='_self'><\/a><div class=\"portfolio_shader\"><\/div><div class=\"icons_holder\"><div class=\"icons_holder_inner\"><\/div><\/div><\/div><div class='portfolio_description  text_align_center'><div class=\"gallery_list_date\"><span class=\"time\">06 1, 2024<\/span><\/div><h4 class=\"portfolio_title\" ><a href=\"https:\/\/www.csanyialapitvany.hu\/en\/portfolio_page\/vidakovics-istvan\/\" target=\"_self\">Istv\u00e1n Vid\u00e1kovics<\/a><\/h4><h6 class=\"portfolio_subtitle\"><\/h6><\/div><\/article>\n<div class='filler'><\/div>\n<div class='filler'><\/div>\n<div class='filler'><\/div>\n<\/div><\/div>[vc_column_text css=&#8221;.vc_custom_1497640361027{margin-top: 40px !important;}&#8221;][\/vc_column_text][\/vc_column][\/vc_row]<\/p>\n<\/div>","protected":false},"excerpt":{"rendered":"<p>[vc_row row_type=&#8221;row&#8221; use_row_as_full_screen_section=&#8221;no&#8221; type=&#8221;full_width&#8221; text_align=&#8221;left&#8221; css_animation=&#8221;&#8221; el_id=&#8221;mentorok&#8221; css=&#8221;.vc_custom_1488208365865{padding-bottom: 84px !important;}&#8221;][vc_column][vc_column_text][\/vc_column_text][vc_column_text css=&#8221;.vc_custom_1497640361027{margin-top: 40px !important;}&#8221;][\/vc_column_text][\/vc_column][\/vc_row]<\/p>\n","protected":false},"author":32,"featured_media":0,"parent":266,"menu_order":0,"comment_status":"closed","ping_status":"closed","template":"","meta":{"footnotes":""},"class_list":["post-273","page","type-page","status-publish","hentry"],"_links":{"self":[{"href":"https:\/\/www.csanyialapitvany.hu\/en\/wp-json\/wp\/v2\/pages\/273","targetHints":{"allow":["GET"]}}],"collection":[{"href":"https:\/\/www.csanyialapitvany.hu\/en\/wp-json\/wp\/v2\/pages"}],"about":[{"href":"https:\/\/www.csanyialapitvany.hu\/en\/wp-json\/wp\/v2\/types\/page"}],"author":[{"embeddable":true,"href":"https:\/\/www.csanyialapitvany.hu\/en\/wp-json\/wp\/v2\/users\/32"}],"replies":[{"embeddable":true,"href":"https:\/\/www.csanyialapitvany.hu\/en\/wp-json\/wp\/v2\/comments?post=273"}],"version-history":[{"count":4,"href":"https:\/\/www.csanyialapitvany.hu\/en\/wp-json\/wp\/v2\/pages\/273\/revisions"}],"predecessor-version":[{"id":97087,"href":"https:\/\/www.csanyialapitvany.hu\/en\/wp-json\/wp\/v2\/pages\/273\/revisions\/97087"}],"up":[{"embeddable":true,"href":"https:\/\/www.csanyialapitvany.hu\/en\/wp-json\/wp\/v2\/pages\/266"}],"wp:attachment":[{"href":"https:\/\/www.csanyialapitvany.hu\/en\/wp-json\/wp\/v2\/media?parent=273"}],"curies":[{"name":"wp","href":"https:\/\/api.w.org\/{rel}","templated":true}]}}