{"id":296,"date":"2017-02-27T11:05:42","date_gmt":"2017-02-27T11:05:42","guid":{"rendered":"http:\/\/besocialapps.com\/cafe\/csanyi_alapitvany\/?page_id=296"},"modified":"2025-03-22T09:18:51","modified_gmt":"2025-03-22T09:18:51","slug":"kuratorium","status":"publish","type":"page","link":"https:\/\/www.csanyialapitvany.hu\/en\/rolunk\/szervezet\/kuratorium\/","title":{"rendered":"Board of directors"},"content":{"rendered":"<div class=\"wpb-content-wrapper\"><p>[vc_row row_type=&#8221;row&#8221; use_row_as_full_screen_section=&#8221;no&#8221; type=&#8221;grid&#8221; text_align=&#8221;left&#8221; css_animation=&#8221;&#8221; css=&#8221;.vc_custom_1488196027240{padding-top: 44px !important;padding-bottom: 84px !important;}&#8221;][vc_column][vc_column_text]<div class=\"menu-szervezet-container\"><ul id=\"menu-szervezet\" class=\"menu\"><li id=\"menu-item-318\" class=\"menu-item menu-item-type-post_type menu-item-object-page menu-item-318\"><a href=\"https:\/\/www.csanyialapitvany.hu\/en\/rolunk\/szervezet\/kuratorium\/\">Board of directors<\/a><\/li>\n<li id=\"menu-item-317\" class=\"menu-item menu-item-type-post_type menu-item-object-page menu-item-317\"><a href=\"https:\/\/www.csanyialapitvany.hu\/en\/rolunk\/szervezet\/felugyelo-szerv\/\">Supervisory body<\/a><\/li>\n<li id=\"menu-item-316\" class=\"menu-item menu-item-type-post_type menu-item-object-page menu-item-316\"><a href=\"https:\/\/www.csanyialapitvany.hu\/en\/rolunk\/szervezet\/alapitvanyi-iroda\/\">Coworkers<\/a><\/li>\n<li id=\"menu-item-319\" class=\"menu-item menu-item-type-post_type menu-item-object-page menu-item-319\"><a href=\"https:\/\/www.csanyialapitvany.hu\/en\/rolunk\/szervezet\/mentorok\/\">Mentors<\/a><\/li>\n<li id=\"menu-item-86062\" class=\"menu-item menu-item-type-post_type menu-item-object-page menu-item-86062\"><a href=\"https:\/\/www.csanyialapitvany.hu\/en\/rolunk\/szervezet\/gyermekparlament\/\">Students\u2019 Parliament<\/a><\/li>\n<li id=\"menu-item-86114\" class=\"menu-item menu-item-type-post_type menu-item-object-page menu-item-86114\"><a href=\"https:\/\/www.csanyialapitvany.hu\/en\/rolunk\/szervezet\/nagykovetek\/\">Ambassadors<\/a><\/li>\n<\/ul><\/div>[\/vc_column_text][vc_column_text]The board of directors is the main decision-making body of the foundation, and manages the fund\u2019s assets. Its members have been selected by the founder. The chairperson of the board and its members are senior officers of the foundation, as a public benefit organization.<\/p>\n<p>The head of the board of trustees: Erika Cs\u00e1nyi.<\/p>\n<p>The members of the board are: Attila Cs\u00e1nyi, \u00c1d\u00e1m Cs\u00e1nyi, Gabriella Cs\u00e1nyi, Erika Cs\u00e1nyi, P\u00e9ter Cs\u00e1nyi, Tam\u00e1s Cs\u00e1nyi, dr. Mikl\u00f3s Radosz\u00e1v, R\u00f3zsa Palkovics, \u00c1gnes Pataki, dr. M\u00e1ria G\u0151d\u00e9ny Dr. Polony Istv\u00e1nn\u00e9, Zolt\u00e1n Szalai and\u00a0 Zor\u00e1n Sztevanovity<\/p>\n<p>[\/vc_column_text][\/vc_column][\/vc_row]<\/p>\n<\/div>","protected":false},"excerpt":{"rendered":"<p>[vc_row row_type=&#8221;row&#8221; use_row_as_full_screen_section=&#8221;no&#8221; type=&#8221;grid&#8221; text_align=&#8221;left&#8221; css_animation=&#8221;&#8221; css=&#8221;.vc_custom_1488196027240{padding-top: 44px !important;padding-bottom: 84px !important;}&#8221;][vc_column][vc_column_text][\/vc_column_text][vc_column_text]The board of directors is the main decision-making body of&#8230;<\/p>\n","protected":false},"author":32,"featured_media":0,"parent":266,"menu_order":0,"comment_status":"closed","ping_status":"closed","template":"full_width.php","meta":{"footnotes":""},"class_list":["post-296","page","type-page","status-publish","hentry"],"_links":{"self":[{"href":"https:\/\/www.csanyialapitvany.hu\/en\/wp-json\/wp\/v2\/pages\/296","targetHints":{"allow":["GET"]}}],"collection":[{"href":"https:\/\/www.csanyialapitvany.hu\/en\/wp-json\/wp\/v2\/pages"}],"about":[{"href":"https:\/\/www.csanyialapitvany.hu\/en\/wp-json\/wp\/v2\/types\/page"}],"author":[{"embeddable":true,"href":"https:\/\/www.csanyialapitvany.hu\/en\/wp-json\/wp\/v2\/users\/32"}],"replies":[{"embeddable":true,"href":"https:\/\/www.csanyialapitvany.hu\/en\/wp-json\/wp\/v2\/comments?post=296"}],"version-history":[{"count":5,"href":"https:\/\/www.csanyialapitvany.hu\/en\/wp-json\/wp\/v2\/pages\/296\/revisions"}],"predecessor-version":[{"id":107354,"href":"https:\/\/www.csanyialapitvany.hu\/en\/wp-json\/wp\/v2\/pages\/296\/revisions\/107354"}],"up":[{"embeddable":true,"href":"https:\/\/www.csanyialapitvany.hu\/en\/wp-json\/wp\/v2\/pages\/266"}],"wp:attachment":[{"href":"https:\/\/www.csanyialapitvany.hu\/en\/wp-json\/wp\/v2\/media?parent=296"}],"curies":[{"name":"wp","href":"https:\/\/api.w.org\/{rel}","templated":true}]}}