{"id":303,"date":"2017-02-27T11:12:58","date_gmt":"2017-02-27T11:12:58","guid":{"rendered":"http:\/\/besocialapps.com\/cafe\/csanyi_alapitvany\/?page_id=303"},"modified":"2023-10-06T08:19:59","modified_gmt":"2023-10-06T08:19:59","slug":"felugyelo-szerv","status":"publish","type":"page","link":"https:\/\/www.csanyialapitvany.hu\/en\/rolunk\/szervezet\/felugyelo-szerv\/","title":{"rendered":"Supervisory body"},"content":{"rendered":"<div class=\"wpb-content-wrapper\"><p>[vc_row row_type=&#8221;row&#8221; use_row_as_full_screen_section=&#8221;no&#8221; type=&#8221;grid&#8221; text_align=&#8221;left&#8221; css_animation=&#8221;&#8221; css=&#8221;.vc_custom_1488196024644{padding-top: 44px !important;padding-bottom: 84px !important;}&#8221;][vc_column][vc_column_text]<div class=\"menu-szervezet-container\"><ul id=\"menu-szervezet\" class=\"menu\"><li id=\"menu-item-318\" class=\"menu-item menu-item-type-post_type menu-item-object-page menu-item-318\"><a href=\"https:\/\/www.csanyialapitvany.hu\/en\/rolunk\/szervezet\/kuratorium\/\">Board of directors<\/a><\/li>\n<li id=\"menu-item-317\" class=\"menu-item menu-item-type-post_type menu-item-object-page menu-item-317\"><a href=\"https:\/\/www.csanyialapitvany.hu\/en\/rolunk\/szervezet\/felugyelo-szerv\/\">Supervisory body<\/a><\/li>\n<li id=\"menu-item-316\" class=\"menu-item menu-item-type-post_type menu-item-object-page menu-item-316\"><a href=\"https:\/\/www.csanyialapitvany.hu\/en\/rolunk\/szervezet\/alapitvanyi-iroda\/\">Coworkers<\/a><\/li>\n<li id=\"menu-item-319\" class=\"menu-item menu-item-type-post_type menu-item-object-page menu-item-319\"><a href=\"https:\/\/www.csanyialapitvany.hu\/en\/rolunk\/szervezet\/mentorok\/\">Mentors<\/a><\/li>\n<li id=\"menu-item-86062\" class=\"menu-item menu-item-type-post_type menu-item-object-page menu-item-86062\"><a href=\"https:\/\/www.csanyialapitvany.hu\/en\/rolunk\/szervezet\/gyermekparlament\/\">Students\u2019 Parliament<\/a><\/li>\n<li id=\"menu-item-86114\" class=\"menu-item menu-item-type-post_type menu-item-object-page menu-item-86114\"><a href=\"https:\/\/www.csanyialapitvany.hu\/en\/rolunk\/szervezet\/nagykovetek\/\">Ambassadors<\/a><\/li>\n<\/ul><\/div>[\/vc_column_text][vc_column_text]<\/p>\n<p>The supervisory body is composed of three members, nominated by the founder: Dr. \u00c1d\u00e1mosi Gy\u00f6rgy, Dr. Sz\u0171cs Ern\u0151 P\u00e9ter, and Istv\u00e1n Garancsi[\/vc_column_text][\/vc_column][\/vc_row]<\/p>\n<\/div>","protected":false},"excerpt":{"rendered":"<p>[vc_row row_type=&#8221;row&#8221; use_row_as_full_screen_section=&#8221;no&#8221; type=&#8221;grid&#8221; text_align=&#8221;left&#8221; css_animation=&#8221;&#8221; css=&#8221;.vc_custom_1488196024644{padding-top: 44px !important;padding-bottom: 84px !important;}&#8221;][vc_column][vc_column_text][\/vc_column_text][vc_column_text] The supervisory body is composed of three members, nominated&#8230;<\/p>\n","protected":false},"author":32,"featured_media":0,"parent":266,"menu_order":0,"comment_status":"closed","ping_status":"closed","template":"full_width.php","meta":{"footnotes":""},"class_list":["post-303","page","type-page","status-publish","hentry"],"_links":{"self":[{"href":"https:\/\/www.csanyialapitvany.hu\/en\/wp-json\/wp\/v2\/pages\/303","targetHints":{"allow":["GET"]}}],"collection":[{"href":"https:\/\/www.csanyialapitvany.hu\/en\/wp-json\/wp\/v2\/pages"}],"about":[{"href":"https:\/\/www.csanyialapitvany.hu\/en\/wp-json\/wp\/v2\/types\/page"}],"author":[{"embeddable":true,"href":"https:\/\/www.csanyialapitvany.hu\/en\/wp-json\/wp\/v2\/users\/32"}],"replies":[{"embeddable":true,"href":"https:\/\/www.csanyialapitvany.hu\/en\/wp-json\/wp\/v2\/comments?post=303"}],"version-history":[{"count":4,"href":"https:\/\/www.csanyialapitvany.hu\/en\/wp-json\/wp\/v2\/pages\/303\/revisions"}],"predecessor-version":[{"id":91388,"href":"https:\/\/www.csanyialapitvany.hu\/en\/wp-json\/wp\/v2\/pages\/303\/revisions\/91388"}],"up":[{"embeddable":true,"href":"https:\/\/www.csanyialapitvany.hu\/en\/wp-json\/wp\/v2\/pages\/266"}],"wp:attachment":[{"href":"https:\/\/www.csanyialapitvany.hu\/en\/wp-json\/wp\/v2\/media?parent=303"}],"curies":[{"name":"wp","href":"https:\/\/api.w.org\/{rel}","templated":true}]}}