{"id":304,"date":"2017-02-27T11:14:47","date_gmt":"2017-02-27T11:14:47","guid":{"rendered":"http:\/\/besocialapps.com\/cafe\/csanyi_alapitvany\/?page_id=304"},"modified":"2026-02-20T11:26:45","modified_gmt":"2026-02-20T11:26:45","slug":"alapitvanyi-iroda","status":"publish","type":"page","link":"https:\/\/www.csanyialapitvany.hu\/en\/rolunk\/szervezet\/alapitvanyi-iroda\/","title":{"rendered":"Coworkers"},"content":{"rendered":"<div class=\"wpb-content-wrapper\"><p>[vc_row row_type=&#8221;row&#8221; use_row_as_full_screen_section=&#8221;no&#8221; type=&#8221;grid&#8221; text_align=&#8221;left&#8221; css_animation=&#8221;&#8221; css=&#8221;.vc_custom_1488195985028{padding-top: 44px !important;padding-bottom: 84px !important;}&#8221;][vc_column][vc_column_text]<div class=\"menu-szervezet-container\"><ul id=\"menu-szervezet\" class=\"menu\"><li id=\"menu-item-318\" class=\"menu-item menu-item-type-post_type menu-item-object-page menu-item-318\"><a href=\"https:\/\/www.csanyialapitvany.hu\/en\/rolunk\/szervezet\/kuratorium\/\">Board of directors<\/a><\/li>\n<li id=\"menu-item-317\" class=\"menu-item menu-item-type-post_type menu-item-object-page menu-item-317\"><a href=\"https:\/\/www.csanyialapitvany.hu\/en\/rolunk\/szervezet\/felugyelo-szerv\/\">Supervisory body<\/a><\/li>\n<li id=\"menu-item-316\" class=\"menu-item menu-item-type-post_type menu-item-object-page menu-item-316\"><a href=\"https:\/\/www.csanyialapitvany.hu\/en\/rolunk\/szervezet\/alapitvanyi-iroda\/\">Coworkers<\/a><\/li>\n<li id=\"menu-item-319\" class=\"menu-item menu-item-type-post_type menu-item-object-page menu-item-319\"><a href=\"https:\/\/www.csanyialapitvany.hu\/en\/rolunk\/szervezet\/mentorok\/\">Mentors<\/a><\/li>\n<li id=\"menu-item-86062\" class=\"menu-item menu-item-type-post_type menu-item-object-page menu-item-86062\"><a href=\"https:\/\/www.csanyialapitvany.hu\/en\/rolunk\/szervezet\/gyermekparlament\/\">Students\u2019 Parliament<\/a><\/li>\n<li id=\"menu-item-86114\" class=\"menu-item menu-item-type-post_type menu-item-object-page menu-item-86114\"><a href=\"https:\/\/www.csanyialapitvany.hu\/en\/rolunk\/szervezet\/nagykovetek\/\">Ambassadors<\/a><\/li>\n<\/ul><\/div>[\/vc_column_text][vc_column_text]<\/p>\n<p>The Foundation&#8217;s administrative, financial and organizational tasks, as well as management of the talent-management program, are carried out by the foundation office under the direction of the chairperson of the board of directors.<\/p>\n<p>The tasks of the office include: organizing the order of the foundation and the board of directors; organizing their work; preparing decisions, maintaining the content of the website; and coordinating external relations. In co-operation with the central office, we have 22 full-time mentors and a variable number of developers in the seven rural community houses (J\u00e1szber\u00e9ny, Szeged, P\u00e9cs, Moh\u00e1cs, Kaposv\u00e1r, Nagybajom and Szentes)<\/p>\n<p>Operational Director: dr. Mikl\u00f3s Radosz\u00e1v<\/p>\n<p>Other staff members: L\u00e1szl\u00f3 G\u00e1zsik, L\u00e1szl\u00f3 Gyuris, G\u00e1born\u00e9 Hal\u00e1sz, M\u00e1ria Hoksz\u00e1n\u00e9 F\u00e1bi\u00e1n, Andrea Kasz\u00e1s, Krisztina L\u00e9vai, Csilla M\u00e1rtha, Benj\u00e1min Palotai, Piroska Szab\u00f3n\u00e9 Andr\u00e9, T\u00edmea Varga, Zsuzsanna Vida, T\u00fcnde Szil\u00e1gyi Zsabinszkyn\u00e9<\/p>\n<p>[\/vc_column_text][\/vc_column][\/vc_row]<\/p>\n<\/div>","protected":false},"excerpt":{"rendered":"<p>[vc_row row_type=&#8221;row&#8221; use_row_as_full_screen_section=&#8221;no&#8221; type=&#8221;grid&#8221; text_align=&#8221;left&#8221; css_animation=&#8221;&#8221; css=&#8221;.vc_custom_1488195985028{padding-top: 44px !important;padding-bottom: 84px !important;}&#8221;][vc_column][vc_column_text][\/vc_column_text][vc_column_text] The Foundation&#8217;s administrative, financial and organizational tasks, as well&#8230;<\/p>\n","protected":false},"author":32,"featured_media":0,"parent":266,"menu_order":0,"comment_status":"closed","ping_status":"closed","template":"full_width.php","meta":{"footnotes":""},"class_list":["post-304","page","type-page","status-publish","hentry"],"_links":{"self":[{"href":"https:\/\/www.csanyialapitvany.hu\/en\/wp-json\/wp\/v2\/pages\/304","targetHints":{"allow":["GET"]}}],"collection":[{"href":"https:\/\/www.csanyialapitvany.hu\/en\/wp-json\/wp\/v2\/pages"}],"about":[{"href":"https:\/\/www.csanyialapitvany.hu\/en\/wp-json\/wp\/v2\/types\/page"}],"author":[{"embeddable":true,"href":"https:\/\/www.csanyialapitvany.hu\/en\/wp-json\/wp\/v2\/users\/32"}],"replies":[{"embeddable":true,"href":"https:\/\/www.csanyialapitvany.hu\/en\/wp-json\/wp\/v2\/comments?post=304"}],"version-history":[{"count":5,"href":"https:\/\/www.csanyialapitvany.hu\/en\/wp-json\/wp\/v2\/pages\/304\/revisions"}],"predecessor-version":[{"id":116284,"href":"https:\/\/www.csanyialapitvany.hu\/en\/wp-json\/wp\/v2\/pages\/304\/revisions\/116284"}],"up":[{"embeddable":true,"href":"https:\/\/www.csanyialapitvany.hu\/en\/wp-json\/wp\/v2\/pages\/266"}],"wp:attachment":[{"href":"https:\/\/www.csanyialapitvany.hu\/en\/wp-json\/wp\/v2\/media?parent=304"}],"curies":[{"name":"wp","href":"https:\/\/api.w.org\/{rel}","templated":true}]}}