{"id":35711,"date":"2018-09-26T09:26:33","date_gmt":"2018-09-26T09:26:33","guid":{"rendered":"https:\/\/www.csanyialapitvany.hu\/?page_id=35711"},"modified":"2025-07-01T11:53:40","modified_gmt":"2025-07-01T11:53:40","slug":"elerhetosegek","status":"publish","type":"page","link":"https:\/\/www.csanyialapitvany.hu\/en\/elerhetosegek\/","title":{"rendered":"Contacts"},"content":{"rendered":"<div class=\"wpb-content-wrapper\"><p>[vc_row row_type=&#8221;row&#8221; use_row_as_full_screen_section=&#8221;no&#8221; type=&#8221;full_width&#8221; text_align=&#8221;left&#8221; css_animation=&#8221;&#8221;][vc_column width=&#8221;1\/3&#8243;]<div class='q_icon_with_title medium circle'><div class=\"icon_holder \" style=\" \"><div class=\"icon_holder_inner\"><span class=\"fa-stack fa-3x  custom-font\" style=\"color: #ffffff;background-color: #ee6e31;\"><i class=\"icon_text_icon fa fa-map-pin fa-stack-1x\"><\/i><\/span><\/div><\/div><div class=\"icon_text_holder\" style=\"\"><div class=\"icon_text_inner\" style=\"\"><h4 class=\"icon_title\" style=\"\">Address<\/h4><p style=''>1531 Budapest, Pf. 21.<\/p><\/div><\/div><\/div>[\/vc_column][vc_column width=&#8221;1\/3&#8243;]<div class='q_icon_with_title medium circle'><div class=\"icon_holder \" style=\" \"><div class=\"icon_holder_inner\"><span class=\"fa-stack fa-3x  custom-font\" style=\"color: #ffffff;background-color: #ee6e31;\"><i class=\"icon_text_icon fa fa-phone fa-stack-1x\"><\/i><\/span><\/div><\/div><div class=\"icon_text_holder\" style=\"\"><div class=\"icon_text_inner\" style=\"\"><h4 class=\"icon_title\" style=\"\">Phone<\/h4><p style=''>+36 1 391 7032<\/p><\/div><\/div><\/div>[\/vc_column][vc_column width=&#8221;1\/3&#8243;]<div class='q_icon_with_title medium circle'><div class=\"icon_holder \" style=\" \"><div class=\"icon_holder_inner\"><span class=\"fa-stack fa-3x  custom-font\" style=\"color: #ffffff;background-color: #ee6e31;\"><i class=\"icon_text_icon fa fa-envelope fa-stack-1x\"><\/i><\/span><\/div><\/div><div class=\"icon_text_holder\" style=\"\"><div class=\"icon_text_inner\" style=\"\"><h4 class=\"icon_title\" style=\"\">E-mail<\/h4><p style=''>info@csanyialapitvany.hu<\/p><\/div><\/div><\/div>[\/vc_column][\/vc_row][vc_row row_type=&#8221;row&#8221; use_row_as_full_screen_section=&#8221;no&#8221; type=&#8221;full_width&#8221; text_align=&#8221;left&#8221; css_animation=&#8221;&#8221;][vc_column][vc_empty_space][\/vc_column][\/vc_row][vc_row row_type=&#8221;row&#8221; use_row_as_full_screen_section=&#8221;no&#8221; type=&#8221;full_width&#8221; text_align=&#8221;left&#8221; css_animation=&#8221;&#8221;][vc_column][vc_column_text css=&#8221;&#8221;]<\/p>\n<h2 style=\"text-align: center;\">Send us a message:<\/h2>\n<p>[\/vc_column_text][vc_empty_space height=&#8221;16px&#8221;][vc_column_text css=&#8221;&#8221;]<\/p>\n<p style=\"text-align: center;\">Before sending us a message, please read our general\u00a0<a href=\"https:\/\/www.csanyialapitvany.hu\/en\/adatkezelesi-tajekoztatok\/\">Privacy Policy.<\/a><\/p>\n<p>[\/vc_column_text][\/vc_column][\/vc_row][vc_row row_type=&#8221;row&#8221; use_row_as_full_screen_section=&#8221;no&#8221; type=&#8221;full_width&#8221; text_align=&#8221;left&#8221; css_animation=&#8221;&#8221;][vc_column][vc_empty_space][\/vc_column][\/vc_row][vc_row row_type=&#8221;row&#8221; use_row_as_full_screen_section=&#8221;no&#8221; type=&#8221;full_width&#8221; text_align=&#8221;left&#8221; css_animation=&#8221;&#8221;][vc_column]\n<div class=\"wpcf7 no-js\" id=\"wpcf7-f35713-o1\" lang=\"hu-HU\" dir=\"ltr\" data-wpcf7-id=\"35713\">\n<div class=\"screen-reader-response\"><p role=\"status\" aria-live=\"polite\" aria-atomic=\"true\"><\/p> <ul><\/ul><\/div>\n<form action=\"\/en\/wp-json\/wp\/v2\/pages\/35711#wpcf7-f35713-o1\" method=\"post\" class=\"wpcf7-form init default\" aria-label=\"Kapcsolatfelv\u00e9teli \u0171rlap\" novalidate=\"novalidate\" data-status=\"init\">\n<fieldset class=\"hidden-fields-container\"><input type=\"hidden\" name=\"_wpcf7\" value=\"35713\" \/><input type=\"hidden\" name=\"_wpcf7_version\" value=\"6.1.5\" \/><input type=\"hidden\" name=\"_wpcf7_locale\" value=\"hu_HU\" \/><input type=\"hidden\" name=\"_wpcf7_unit_tag\" value=\"wpcf7-f35713-o1\" \/><input type=\"hidden\" name=\"_wpcf7_container_post\" value=\"0\" \/><input type=\"hidden\" name=\"_wpcf7_posted_data_hash\" value=\"\" \/>\n<\/fieldset>\n<div class=\"two_columns_50_50 clearfix\">\n\t<div class=\"column1\">\n\t\t<div class=\"column_inner\">\n\t\t\t<p><span class=\"wpcf7-form-control-wrap\" data-name=\"fname\"><input size=\"40\" maxlength=\"400\" class=\"wpcf7-form-control wpcf7-text wpcf7-validates-as-required requiredField placeholder\" aria-required=\"true\" aria-invalid=\"false\" placeholder=\"First name *\" value=\"\" type=\"text\" name=\"fname\" \/><\/span>\n\t\t\t<\/p>\n\t\t<\/div>\n\t<\/div>\n\t<div class=\"column2\">\n\t\t<div class=\"column_inner\">\n\t\t\t<p><span class=\"wpcf7-form-control-wrap\" data-name=\"lname\"><input size=\"40\" maxlength=\"400\" class=\"wpcf7-form-control wpcf7-text wpcf7-validates-as-required requiredField placeholder\" aria-required=\"true\" aria-invalid=\"false\" placeholder=\"Last name *\" value=\"\" type=\"text\" name=\"lname\" \/><\/span>\n\t\t\t<\/p>\n\t\t<\/div>\n\t<\/div>\n<\/div>\n<p><span class=\"wpcf7-form-control-wrap\" data-name=\"email\"><input size=\"40\" maxlength=\"400\" class=\"wpcf7-form-control wpcf7-email wpcf7-validates-as-required wpcf7-text wpcf7-validates-as-email requiredField email placeholder\" aria-required=\"true\" aria-invalid=\"false\" placeholder=\"E-mail *\" value=\"\" type=\"email\" name=\"email\" \/><\/span><span class=\"wpcf7-form-control-wrap\" data-name=\"message\"><textarea cols=\"40\" rows=\"10\" maxlength=\"2000\" class=\"wpcf7-form-control wpcf7-textarea wpcf7-validates-as-required placeholder\" aria-required=\"true\" aria-invalid=\"false\" placeholder=\"Message *\" name=\"message\"><\/textarea><\/span><span class=\"submit_button_contact\"><input class=\"wpcf7-form-control wpcf7-submit has-spinner qbutton contact_form_button\" type=\"submit\" value=\"Send message\" \/><\/span>\n<\/p>\n<div style=\"margin:0;padding:1rem 0 0 0;\">\n\t<p><em>Az Elk\u00fcld\u00e9s gomb megnyom\u00e1s\u00e1val hozz\u00e1j\u00e1rulok a megadott adatok kezel\u00e9s\u00e9hez az <a href=\"\/adatvedelmi-tajekoztato\/\" target=\"_blank\">adatv\u00e9delmi t\u00e1j\u00e9koztat\u00f3<\/a> szerint.<\/em>\n\t<\/p>\n<\/div><div class=\"wpcf7-response-output\" aria-hidden=\"true\"><\/div>\n<\/form>\n<\/div>\n[\/vc_column][\/vc_row][vc_row row_type=&#8221;row&#8221; use_row_as_full_screen_section=&#8221;no&#8221; type=&#8221;full_width&#8221; text_align=&#8221;left&#8221; css_animation=&#8221;&#8221;][vc_column][vc_empty_space][\/vc_column][\/vc_row]<\/p>\n<\/div>","protected":false},"excerpt":{"rendered":"<p>[vc_row row_type=&#8221;row&#8221; use_row_as_full_screen_section=&#8221;no&#8221; type=&#8221;full_width&#8221; text_align=&#8221;left&#8221; css_animation=&#8221;&#8221;][vc_column width=&#8221;1\/3&#8243;][\/vc_column][vc_column width=&#8221;1\/3&#8243;][\/vc_column][vc_column width=&#8221;1\/3&#8243;][\/vc_column][\/vc_row][vc_row row_type=&#8221;row&#8221; use_row_as_full_screen_section=&#8221;no&#8221; type=&#8221;full_width&#8221; text_align=&#8221;left&#8221; css_animation=&#8221;&#8221;][vc_column][vc_empty_space][\/vc_column][\/vc_row][vc_row row_type=&#8221;row&#8221; use_row_as_full_screen_section=&#8221;no&#8221; type=&#8221;full_width&#8221; text_align=&#8221;left&#8221; css_animation=&#8221;&#8221;][vc_column][vc_column_text css=&#8221;&#8221;]&#8230;<\/p>\n","protected":false},"author":32,"featured_media":0,"parent":0,"menu_order":0,"comment_status":"closed","ping_status":"closed","template":"","meta":{"footnotes":""},"class_list":["post-35711","page","type-page","status-publish","hentry"],"_links":{"self":[{"href":"https:\/\/www.csanyialapitvany.hu\/en\/wp-json\/wp\/v2\/pages\/35711","targetHints":{"allow":["GET"]}}],"collection":[{"href":"https:\/\/www.csanyialapitvany.hu\/en\/wp-json\/wp\/v2\/pages"}],"about":[{"href":"https:\/\/www.csanyialapitvany.hu\/en\/wp-json\/wp\/v2\/types\/page"}],"author":[{"embeddable":true,"href":"https:\/\/www.csanyialapitvany.hu\/en\/wp-json\/wp\/v2\/users\/32"}],"replies":[{"embeddable":true,"href":"https:\/\/www.csanyialapitvany.hu\/en\/wp-json\/wp\/v2\/comments?post=35711"}],"version-history":[{"count":5,"href":"https:\/\/www.csanyialapitvany.hu\/en\/wp-json\/wp\/v2\/pages\/35711\/revisions"}],"predecessor-version":[{"id":109652,"href":"https:\/\/www.csanyialapitvany.hu\/en\/wp-json\/wp\/v2\/pages\/35711\/revisions\/109652"}],"wp:attachment":[{"href":"https:\/\/www.csanyialapitvany.hu\/en\/wp-json\/wp\/v2\/media?parent=35711"}],"curies":[{"name":"wp","href":"https:\/\/api.w.org\/{rel}","templated":true}]}}