{"id":44,"date":"2017-01-25T08:09:14","date_gmt":"2017-01-25T08:09:14","guid":{"rendered":"http:\/\/besocialapps.com\/cafe\/csanyi_alapitvany\/?page_id=44"},"modified":"2025-05-16T11:48:54","modified_gmt":"2025-05-16T11:48:54","slug":"rolunk","status":"publish","type":"page","link":"https:\/\/www.csanyialapitvany.hu\/en\/rolunk\/","title":{"rendered":"About"},"content":{"rendered":"<div class=\"wpb-content-wrapper\"><p>[vc_row row_type=&#8221;row&#8221; use_row_as_full_screen_section=&#8221;no&#8221; type=&#8221;grid&#8221; text_align=&#8221;left&#8221; css_animation=&#8221;&#8221; css=&#8221;.vc_custom_1485334221539{padding-top: 84px !important;padding-bottom: 84px !important;background-color: #ffffff !important;}&#8221;][vc_column width=&#8221;1\/2&#8243;][vc_single_image image=&#8221;50&#8243; img_size=&#8221;full&#8221; css=&#8221;.vc_custom_1488554600322{margin-bottom: 20px !important;}&#8221; qode_css_animation=&#8221;&#8221;][\/vc_column][vc_column width=&#8221;1\/2&#8243;][vc_column_text]<\/p>\n<h4>Founder<\/h4>\n<p>My name is S\u00e1ndor Cs\u00e1nyi. Most of you know me as the chairman and CEO of OTP Bank &#8211; a successful businessman, and one of the most successful people in the country. However, few people know that I grew up in humble conditions in the countryside. That is why I am confident that, in addition to financial prosperity and success, we must always keep in mind that many people live in almost unbearably difficult circumstances in our country. Poverty does not make a difference. It does not spare even the best.<\/p>\n<p>I founded the Cs\u00e1nyi Foundation with 1 billion forints in private equity, and I hope this will set an example to other successful businessmen as well. My aim is for talented but disadvantaged children to not miss out on the opportunities Hungary has to offer otherwise we lose the nation&#8217;s greatest treasure: human knowledge and talent.[\/vc_column_text][\/vc_column][\/vc_row][vc_row row_type=&#8221;row&#8221; use_row_as_full_screen_section=&#8221;no&#8221; type=&#8221;grid&#8221; text_align=&#8221;center&#8221; background_image=&#8221;197&#8243; css_animation=&#8221;&#8221; css=&#8221;.vc_custom_1487715386618{padding-top: 28px !important;padding-bottom: 42px !important;background-color: #000000 !important;}&#8221; el_class=&#8221;bs-quote-block&#8221;][vc_column]<blockquote class='with_quote_icon' style='width: 50%;'><span class='icon_quotations_holder'><i class='q_font_elegant_icon icon_quotations' style='color: #ee6e31;font-size: 56px'><\/i><\/span><h3 class='blockquote_text' style='color: #ffffff;'><span>Discovering and helping talents is our common cause, the best investment.<\/span><\/h3><\/blockquote>[\/vc_column][\/vc_row][vc_row row_type=&#8221;row&#8221; use_row_as_full_screen_section=&#8221;no&#8221; type=&#8221;grid&#8221; text_align=&#8221;right&#8221; css_animation=&#8221;&#8221; css=&#8221;.vc_custom_1487942834939{padding-top: 84px !important;background-color: #ffffff !important;}&#8221;][vc_column width=&#8221;1\/2&#8243;][vc_column_text]<\/p>\n<h4>Our Goal<\/h4>\n<p>The Cs\u00e1nyi Foundation has many activities, but its main objective, with the Guidance Programme, is talent management. Our goal is to select talented but disadvantaged children who can be helped over the years to overcome their difficulties and develop their talents, with the involvement of prominent professionals and local experts (teachers, family helpers, educational counsellors and psychologists). Therefore, the board of directors determines the number of children involved in the start-up talent groups, and the area affected by the selection each year.<\/p>\n<p>[\/vc_column_text][\/vc_column][vc_column width=&#8221;1\/2&#8243;][vc_single_image image=&#8221;96592&#8243; img_size=&#8221;full&#8221; css=&#8221;&#8221; qode_css_animation=&#8221;&#8221;][\/vc_column][\/vc_row][vc_row row_type=&#8221;row&#8221; use_row_as_full_screen_section=&#8221;no&#8221; type=&#8221;grid&#8221; text_align=&#8221;left&#8221; css_animation=&#8221;&#8221; css=&#8221;.vc_custom_1487942846747{padding-top: 84px !important;background-color: #ffffff !important;}&#8221;][vc_column width=&#8221;1\/2&#8243;][vc_single_image image=&#8221;648&#8243; img_size=&#8221;full&#8221; css=&#8221;.vc_custom_1490311470156{margin-bottom: 20px !important;}&#8221; qode_css_animation=&#8221;&#8221;][\/vc_column][vc_column width=&#8221;1\/2&#8243;][vc_column_text]<\/p>\n<h4>Community houses<\/h4>\n<p>The Foundation\u2019s activities are organised around the Community Houses (J\u00e1szber\u00e9ny, Szeged, P\u00e9cs, Moh\u00e1cs, Kaposv\u00e1r, Nagybajom, Szentes), where there is a proper venue for skill development lessons, tutor-parents\u2019 meetings, for the Family and Open Days or Parents Academy programme series as well as for an active community life. Our modern and well-equipped Community houses create an inspiring, friendly and safe environment for children, who come here after school for afternoon or weekend group and individual lessons or for team building activities. The Community Houses and the mentors establish a mutually supportive network within the programme. Besides these, we also find it important for the Foundation to become an acknowledged element of the towns\u2019 life.[\/vc_column_text]<a href=\"\/en\/rolunk\/kozossegi-hazak\/\" target=\"_self\"  class=\"qbutton \" style=\"margin: 20px 0px 0px 0px; \">More<\/a>[\/vc_column][\/vc_row][vc_row row_type=&#8221;row&#8221; use_row_as_full_screen_section=&#8221;no&#8221; type=&#8221;grid&#8221; text_align=&#8221;right&#8221; css_animation=&#8221;&#8221; css=&#8221;.vc_custom_1487942968074{padding-top: 84px !important;padding-bottom: 84px !important;background-color: #ffffff !important;}&#8221;][vc_column width=&#8221;1\/2&#8243;][vc_column_text]<\/p>\n<h4>Organization<\/h4>\n<p>The Cs\u00e1nyi Foundation has been active since 2005. We believe with certainty that for children to become a successful adult, certain conditions must be in place, under which knowledge and talent are not out of reach for disadvantaged families or regions. One of the most important tools for overcoming disadvantage is a secure linkage network \u2013 over the last 16 years of the Foundation, our children have gained shared experiences, learned respect and acceptance, and made life-long friendships, all of which they can rely on as adults.[\/vc_column_text]<a href=\"\/en\/rolunk\/szervezet\/kuratorium\/\" target=\"_self\"  class=\"qbutton \" style=\"margin: 20px 0px 20px 0px; \">More<\/a>[\/vc_column][vc_column width=&#8221;1\/2&#8243;][vc_single_image image=&#8221;96691&#8243; img_size=&#8221;full&#8221; css=&#8221;&#8221; qode_css_animation=&#8221;&#8221;][\/vc_column][\/vc_row]<\/p>\n<\/div>","protected":false},"excerpt":{"rendered":"<p>[vc_row row_type=&#8221;row&#8221; use_row_as_full_screen_section=&#8221;no&#8221; type=&#8221;grid&#8221; text_align=&#8221;left&#8221; css_animation=&#8221;&#8221; css=&#8221;.vc_custom_1485334221539{padding-top: 84px !important;padding-bottom: 84px !important;background-color: #ffffff !important;}&#8221;][vc_column width=&#8221;1\/2&#8243;][vc_single_image image=&#8221;50&#8243; img_size=&#8221;full&#8221; css=&#8221;.vc_custom_1488554600322{margin-bottom: 20px !important;}&#8221; qode_css_animation=&#8221;&#8221;][\/vc_column][vc_column&#8230;<\/p>\n","protected":false},"author":32,"featured_media":0,"parent":0,"menu_order":0,"comment_status":"closed","ping_status":"closed","template":"full_width.php","meta":{"footnotes":""},"class_list":["post-44","page","type-page","status-publish","hentry"],"_links":{"self":[{"href":"https:\/\/www.csanyialapitvany.hu\/en\/wp-json\/wp\/v2\/pages\/44","targetHints":{"allow":["GET"]}}],"collection":[{"href":"https:\/\/www.csanyialapitvany.hu\/en\/wp-json\/wp\/v2\/pages"}],"about":[{"href":"https:\/\/www.csanyialapitvany.hu\/en\/wp-json\/wp\/v2\/types\/page"}],"author":[{"embeddable":true,"href":"https:\/\/www.csanyialapitvany.hu\/en\/wp-json\/wp\/v2\/users\/32"}],"replies":[{"embeddable":true,"href":"https:\/\/www.csanyialapitvany.hu\/en\/wp-json\/wp\/v2\/comments?post=44"}],"version-history":[{"count":5,"href":"https:\/\/www.csanyialapitvany.hu\/en\/wp-json\/wp\/v2\/pages\/44\/revisions"}],"predecessor-version":[{"id":108404,"href":"https:\/\/www.csanyialapitvany.hu\/en\/wp-json\/wp\/v2\/pages\/44\/revisions\/108404"}],"wp:attachment":[{"href":"https:\/\/www.csanyialapitvany.hu\/en\/wp-json\/wp\/v2\/media?parent=44"}],"curies":[{"name":"wp","href":"https:\/\/api.w.org\/{rel}","templated":true}]}}