{"id":453,"date":"2017-03-09T15:34:35","date_gmt":"2017-03-09T15:34:35","guid":{"rendered":"http:\/\/besocialapps.com\/cafe\/csanyi_alapitvany\/?page_id=453"},"modified":"2025-07-02T12:40:26","modified_gmt":"2025-07-02T12:40:26","slug":"adatkezelesi-tajekoztatok","status":"publish","type":"page","link":"https:\/\/www.csanyialapitvany.hu\/en\/adatkezelesi-tajekoztatok\/","title":{"rendered":"Privacy Policy"},"content":{"rendered":"<div class=\"wpb-content-wrapper\"><p>[vc_row row_type=&#8221;row&#8221; use_row_as_full_screen_section=&#8221;no&#8221; type=&#8221;full_width&#8221; text_align=&#8221;left&#8221; css_animation=&#8221;&#8221; css=&#8221;.vc_custom_1490701934194{margin-bottom: 44px !important;}&#8221;][vc_column][vc_column_text css=&#8221;&#8221;]<\/p>\n<p data-start=\"71\" data-end=\"680\">The purpose of this Notice (hereinafter referred to as the &#8220;Notice&#8221;) is to set out the data protection and data management principles applied by the Cs\u00e1nyi Foundation (registered office: 1125 Budapest, L\u00f3r\u00e1nt u. 5\/a; registration number: 01-01-0009527; hereinafter referred to as the &#8220;Foundation&#8221;), as the owner of the website <a class=\"\" href=\"http:\/\/www.csanyialapitvany.hu\" target=\"_new\" rel=\"noopener\" data-start=\"398\" data-end=\"421\">www.csanyialapitvany.hu<\/a>, the provider of the Foundation\u2019s newsletter service, and the implementer of the Life Path Program. The Foundation acknowledges these principles as binding on itself in relation to its newsletter service, fundraising activities, and the provision of support.<\/p>\n<p data-start=\"682\" data-end=\"1018\">When formulating the provisions of this Notice, the Foundation paid particular attention to the provisions of Regulation (EU) 2016\/679 of the European Parliament and of the Council (GDPR), Act CXII of 2011 on the Right of Informational Self-Determination and Freedom of Information (Infotv.), and Act V of 2013 on the Civil Code (Ptk.).<\/p>\n<p data-start=\"1020\" data-end=\"1243\">With regard to the processing of your personal data, the Foundation is the data controller, meaning the Foundation is responsible for the lawful handling of your personal data. You can contact us via the following channels:<\/p>\n<p data-start=\"1245\" data-end=\"1566\"><strong data-start=\"1245\" data-end=\"1273\">Name of data controller:<\/strong> Cs\u00e1nyi Foundation<br data-start=\"1291\" data-end=\"1294\" \/><strong data-start=\"1294\" data-end=\"1313\">Postal address:<\/strong> 1531 Budapest, P.O. Box 21<br data-start=\"1340\" data-end=\"1343\" \/><strong data-start=\"1343\" data-end=\"1367\">Registration number:<\/strong> 01-01-0009527<br data-start=\"1381\" data-end=\"1384\" \/><strong data-start=\"1384\" data-end=\"1402\">Email address:<\/strong> <a class=\"cursor-pointer\" href=\"mailto:info@csanyialapitvany.hu\" rel=\"noopener\" data-start=\"1403\" data-end=\"1427\">info@csanyialapitvany.hu<\/a><br data-start=\"1427\" data-end=\"1430\" \/><strong data-start=\"1430\" data-end=\"1442\">Website:<\/strong> <a class=\"\" href=\"http:\/\/www.csanyialapitvany.hu\" target=\"_new\" rel=\"noopener\" data-start=\"1443\" data-end=\"1466\">www.csanyialapitvany.hu<\/a><br data-start=\"1466\" data-end=\"1469\" \/><strong data-start=\"1469\" data-end=\"1486\">Phone number:<\/strong> +36 (1) 391-7032<br data-start=\"1503\" data-end=\"1506\" \/><strong data-start=\"1506\" data-end=\"1542\">Data protection officer contact:<\/strong> <a class=\"cursor-pointer\" href=\"mailto:dpo@csanyialapitvany.hu\" rel=\"noopener\" data-start=\"1543\" data-end=\"1566\">dpo@csanyialapitvany.hu<\/a><\/p>\n<p>[\/vc_column_text][vc_empty_space][\/vc_column][\/vc_row][vc_row row_type=&#8221;row&#8221; use_row_as_full_screen_section=&#8221;no&#8221; type=&#8221;full_width&#8221; text_align=&#8221;left&#8221; css_animation=&#8221;&#8221;][vc_column][vc_column_text css=&#8221;&#8221;]<\/p>\n<p style=\"text-align: center;\">All of our relevant privacy notices can be viewed here:<\/p>\n<p>[\/vc_column_text][vc_empty_space][\/vc_column][\/vc_row][vc_row row_type=&#8221;row&#8221; use_row_as_full_screen_section=&#8221;no&#8221; type=&#8221;full_width&#8221; text_align=&#8221;left&#8221; css_animation=&#8221;&#8221;][vc_column width=&#8221;1\/3&#8243;][vc_column_text css=&#8221;&#8221;]<\/p>\n<p style=\"text-align: center;\"><strong>General<\/strong><br \/>\nPrivacy Notice<\/p>\n<p>[\/vc_column_text][vc_empty_space height=&#8221;16px&#8221;][vc_single_image image=&#8221;109617&#8243; alignment=&#8221;center&#8221; onclick=&#8221;custom_link&#8221; img_link_target=&#8221;_blank&#8221; css=&#8221;&#8221; qode_css_animation=&#8221;&#8221; link=&#8221;https:\/\/www.csanyialapitvany.hu\/wp-content\/uploads\/2025\/07\/ASZ-07-05-Altalanos_angol.pdf&#8221;][\/vc_column][vc_column width=&#8221;1\/3&#8243;][vc_column_text css=&#8221;&#8221;]<\/p>\n<p style=\"text-align: center;\">Privacy Notice for<br \/>\n<strong>Donors<\/strong><\/p>\n<p>[\/vc_column_text][vc_empty_space height=&#8221;16px&#8221;][vc_single_image image=&#8221;109616&#8243; alignment=&#8221;center&#8221; onclick=&#8221;custom_link&#8221; img_link_target=&#8221;_blank&#8221; css=&#8221;&#8221; qode_css_animation=&#8221;&#8221; link=&#8221;https:\/\/www.csanyialapitvany.hu\/wp-content\/uploads\/2025\/07\/ASZ-07-07-Tamogatoknak_angol.pdf&#8221;][\/vc_column][vc_column width=&#8221;1\/3&#8243;][vc_column_text css=&#8221;&#8221;]<\/p>\n<p style=\"text-align: center;\">Privacy Notice for<br \/>\n<strong>Volunteers<\/strong><\/p>\n<p>[\/vc_column_text][vc_empty_space height=&#8221;16px&#8221;][vc_single_image image=&#8221;109619&#8243; alignment=&#8221;center&#8221; onclick=&#8221;custom_link&#8221; img_link_target=&#8221;_blank&#8221; css=&#8221;&#8221; qode_css_animation=&#8221;&#8221; link=&#8221;https:\/\/www.csanyialapitvany.hu\/wp-content\/uploads\/2025\/07\/ASZ-07-06-Onkenteseknek_angol.pdf&#8221;][\/vc_column][\/vc_row][vc_row row_type=&#8221;row&#8221; use_row_as_full_screen_section=&#8221;no&#8221; type=&#8221;full_width&#8221; text_align=&#8221;left&#8221; css_animation=&#8221;&#8221;][vc_column][vc_empty_space][\/vc_column][\/vc_row]<\/p>\n<\/div>","protected":false},"excerpt":{"rendered":"<p>[vc_row row_type=&#8221;row&#8221; use_row_as_full_screen_section=&#8221;no&#8221; type=&#8221;full_width&#8221; text_align=&#8221;left&#8221; css_animation=&#8221;&#8221; css=&#8221;.vc_custom_1490701934194{margin-bottom: 44px !important;}&#8221;][vc_column][vc_column_text css=&#8221;&#8221;] The purpose of this Notice (hereinafter referred to as the&#8230;<\/p>\n","protected":false},"author":32,"featured_media":0,"parent":0,"menu_order":0,"comment_status":"closed","ping_status":"closed","template":"","meta":{"footnotes":""},"class_list":["post-453","page","type-page","status-publish","hentry"],"_links":{"self":[{"href":"https:\/\/www.csanyialapitvany.hu\/en\/wp-json\/wp\/v2\/pages\/453","targetHints":{"allow":["GET"]}}],"collection":[{"href":"https:\/\/www.csanyialapitvany.hu\/en\/wp-json\/wp\/v2\/pages"}],"about":[{"href":"https:\/\/www.csanyialapitvany.hu\/en\/wp-json\/wp\/v2\/types\/page"}],"author":[{"embeddable":true,"href":"https:\/\/www.csanyialapitvany.hu\/en\/wp-json\/wp\/v2\/users\/32"}],"replies":[{"embeddable":true,"href":"https:\/\/www.csanyialapitvany.hu\/en\/wp-json\/wp\/v2\/comments?post=453"}],"version-history":[{"count":4,"href":"https:\/\/www.csanyialapitvany.hu\/en\/wp-json\/wp\/v2\/pages\/453\/revisions"}],"predecessor-version":[{"id":109715,"href":"https:\/\/www.csanyialapitvany.hu\/en\/wp-json\/wp\/v2\/pages\/453\/revisions\/109715"}],"wp:attachment":[{"href":"https:\/\/www.csanyialapitvany.hu\/en\/wp-json\/wp\/v2\/media?parent=453"}],"curies":[{"name":"wp","href":"https:\/\/api.w.org\/{rel}","templated":true}]}}