{"id":85948,"date":"2023-06-07T07:41:02","date_gmt":"2023-06-07T07:41:02","guid":{"rendered":"https:\/\/www.csanyialapitvany.hu\/?page_id=85948"},"modified":"2025-05-26T12:12:54","modified_gmt":"2025-05-26T12:12:54","slug":"gyermekparlament","status":"publish","type":"page","link":"https:\/\/www.csanyialapitvany.hu\/en\/rolunk\/szervezet\/gyermekparlament\/","title":{"rendered":"Students&#8217; Parliament"},"content":{"rendered":"<div class=\"wpb-content-wrapper\"><p>[vc_row row_type=&#8221;row&#8221; use_row_as_full_screen_section=&#8221;no&#8221; type=&#8221;grid&#8221; text_align=&#8221;left&#8221; css_animation=&#8221;&#8221; css=&#8221;.vc_custom_1488195985028{padding-top: 44px !important;padding-bottom: 84px !important;}&#8221;][vc_column][vc_column_text]<div class=\"menu-szervezet-container\"><ul id=\"menu-szervezet\" class=\"menu\"><li id=\"menu-item-318\" class=\"menu-item menu-item-type-post_type menu-item-object-page menu-item-318\"><a href=\"https:\/\/www.csanyialapitvany.hu\/en\/rolunk\/szervezet\/kuratorium\/\">Board of directors<\/a><\/li>\n<li id=\"menu-item-317\" class=\"menu-item menu-item-type-post_type menu-item-object-page menu-item-317\"><a href=\"https:\/\/www.csanyialapitvany.hu\/en\/rolunk\/szervezet\/felugyelo-szerv\/\">Supervisory body<\/a><\/li>\n<li id=\"menu-item-316\" class=\"menu-item menu-item-type-post_type menu-item-object-page menu-item-316\"><a href=\"https:\/\/www.csanyialapitvany.hu\/en\/rolunk\/szervezet\/alapitvanyi-iroda\/\">Coworkers<\/a><\/li>\n<li id=\"menu-item-319\" class=\"menu-item menu-item-type-post_type menu-item-object-page menu-item-319\"><a href=\"https:\/\/www.csanyialapitvany.hu\/en\/rolunk\/szervezet\/mentorok\/\">Mentors<\/a><\/li>\n<li id=\"menu-item-86062\" class=\"menu-item menu-item-type-post_type menu-item-object-page menu-item-86062\"><a href=\"https:\/\/www.csanyialapitvany.hu\/en\/rolunk\/szervezet\/gyermekparlament\/\">Students\u2019 Parliament<\/a><\/li>\n<li id=\"menu-item-86114\" class=\"menu-item menu-item-type-post_type menu-item-object-page menu-item-86114\"><a href=\"https:\/\/www.csanyialapitvany.hu\/en\/rolunk\/szervezet\/nagykovetek\/\">Ambassadors<\/a><\/li>\n<\/ul><\/div>[\/vc_column_text][vc_column_text]<\/p>\n<p>The <strong>Students&#8217; Parliament<\/strong> is the child-led organisation of the Cs\u00e1nyi Foundation, which was established in 2011. Children from each Community Centre and group elect a representative by mutual agreement to represent their group at the annual meetings. Their work is coordinated and assisted by a mentor: from the beginning until 2018, Ang\u00e9la Vancsur\u00e1n\u00e9 S\u00e1rk\u00f6zi from Kaposv\u00e1r, then from 2018 to 2024, it was Annam\u00e1ria \u00c9les from Moh\u00e1cs, and currently, it is Andr\u00e1s G\u00e1l, the mentor of P\u00e9cs 2 group.<\/p>\n<p>Current President:<\/p>\n<p>From 2024: <strong>Bor\u00f3ka Eszter S\u00fcle<\/strong>, Szentes 2 group<\/p>\n<p>Past Presidents:<\/p>\n<p>From 2021 <strong>Nadin Kuck\u00f3<\/strong>, Nagybajom Group 1<br \/>\n2019-2021: <strong>Izabella Patyi<\/strong>, Szeged Group 3<br \/>\n2017-2019: <strong>Br\u00fan\u00f3 Farag\u00f3<\/strong>, Szeged Group 1<br \/>\n2013-2017: <strong>L\u00e1szl\u00f3 G\u00e1bor Szab\u00f3<\/strong>, P\u00e9cs Group 1<br \/>\n2011-2013: <strong>P\u00e9ter Horv\u00e1th<\/strong>, Kaposv\u00e1r Group 3<\/p>\n<p>Every year, a creative competition (Colour your world competition, I am who I am creative competition) is organised on a specific theme, where each child can find the way of self-expression that is closest to them, whether in poetry, essay, graphics, painting or other self-expressive fields. They are also responsible for promoting, organising and running the Foundation&#8217;s football, chess, foosball and e-sports tournaments. They also have the right to give opinions and suggestions in the development of the Foundation&#8217;s Code of Conduct and House Policy. They have initiated the tradition of an all-arts camp and a sports camp.<\/p>\n<p><strong>In 2022, on the initiative of the Students&#8217; Parliament, the title of Ambassador of the Cs\u00e1nyi Foundation was also established. This is a way to recognise those among us who have contributed to the recognition and recognition of the Cs\u00e1nyi Foundation&#8217;s activities.<\/strong><\/p>\n<p>[\/vc_column_text][\/vc_column][\/vc_row]<\/p>\n<\/div>","protected":false},"excerpt":{"rendered":"<p>[vc_row row_type=&#8221;row&#8221; use_row_as_full_screen_section=&#8221;no&#8221; type=&#8221;grid&#8221; text_align=&#8221;left&#8221; css_animation=&#8221;&#8221; css=&#8221;.vc_custom_1488195985028{padding-top: 44px !important;padding-bottom: 84px !important;}&#8221;][vc_column][vc_column_text][\/vc_column_text][vc_column_text] The Students&#8217; Parliament is the child-led organisation of the&#8230;<\/p>\n","protected":false},"author":32,"featured_media":0,"parent":266,"menu_order":0,"comment_status":"closed","ping_status":"closed","template":"","meta":{"footnotes":""},"class_list":["post-85948","page","type-page","status-publish","hentry"],"_links":{"self":[{"href":"https:\/\/www.csanyialapitvany.hu\/en\/wp-json\/wp\/v2\/pages\/85948","targetHints":{"allow":["GET"]}}],"collection":[{"href":"https:\/\/www.csanyialapitvany.hu\/en\/wp-json\/wp\/v2\/pages"}],"about":[{"href":"https:\/\/www.csanyialapitvany.hu\/en\/wp-json\/wp\/v2\/types\/page"}],"author":[{"embeddable":true,"href":"https:\/\/www.csanyialapitvany.hu\/en\/wp-json\/wp\/v2\/users\/32"}],"replies":[{"embeddable":true,"href":"https:\/\/www.csanyialapitvany.hu\/en\/wp-json\/wp\/v2\/comments?post=85948"}],"version-history":[{"count":5,"href":"https:\/\/www.csanyialapitvany.hu\/en\/wp-json\/wp\/v2\/pages\/85948\/revisions"}],"predecessor-version":[{"id":108514,"href":"https:\/\/www.csanyialapitvany.hu\/en\/wp-json\/wp\/v2\/pages\/85948\/revisions\/108514"}],"up":[{"embeddable":true,"href":"https:\/\/www.csanyialapitvany.hu\/en\/wp-json\/wp\/v2\/pages\/266"}],"wp:attachment":[{"href":"https:\/\/www.csanyialapitvany.hu\/en\/wp-json\/wp\/v2\/media?parent=85948"}],"curies":[{"name":"wp","href":"https:\/\/api.w.org\/{rel}","templated":true}]}}