{"id":92231,"date":"2023-10-31T11:20:33","date_gmt":"2023-10-31T11:20:33","guid":{"rendered":"https:\/\/www.csanyialapitvany.hu\/?page_id=92231"},"modified":"2023-11-20T09:40:45","modified_gmt":"2023-11-20T09:40:45","slug":"sakkcsapat","status":"publish","type":"page","link":"https:\/\/www.csanyialapitvany.hu\/en\/sakkcsapat\/","title":{"rendered":"Chess Team"},"content":{"rendered":"<div class=\"wpb-content-wrapper\"><p>[vc_row row_type=&#8221;row&#8221; use_row_as_full_screen_section=&#8221;no&#8221; type=&#8221;full_width&#8221; text_align=&#8221;left&#8221; css_animation=&#8221;&#8221;][vc_column][vc_column_text]The Cs\u00e1nyi Foundation Chess Team was established in 2021. In addition to supporting talented children in chess, our aim is to encourage younger generations to take a liking to the sport from a young age, to learn by playing and thus become outstanding players at both hobby and professional level.<\/p>\n<p>Our team on <a href=\"https:\/\/chess.com\">chess.com<\/a> regularly competes in tournaments against other clubs, and our in-house tournament provides training and development opportunities for all our members.[\/vc_column_text][vc_separator type=&#8221;transparent&#8221; border_style=&#8221;&#8221;][vc_column_text]To become a member, write an email to: <a href=\"mailto:gazsik.laszlo@csanyialapitvany.hu\">gazsik.laszlo@csanyialapitvany.hu<\/a>[\/vc_column_text][vc_separator type=&#8221;transparent&#8221; border_style=&#8221;&#8221;][vc_single_image image=&#8221;92544&#8243; img_size=&#8221;full&#8221; alignment=&#8221;center&#8221; onclick=&#8221;custom_link&#8221; qode_css_animation=&#8221;&#8221; link=&#8221;http:\/\/www.chess.com\/clubs\/about\/csanyi-alapitvany-chess-team&#8221;][\/vc_column][\/vc_row][vc_row row_type=&#8221;row&#8221; use_row_as_full_screen_section=&#8221;no&#8221; type=&#8221;full_width&#8221; text_align=&#8221;left&#8221; css_animation=&#8221;&#8221;][vc_column][vc_separator type=&#8221;transparent&#8221; border_style=&#8221;&#8221; thickness=&#8221;32&#8243;][vc_single_image image=&#8221;92239&#8243; img_size=&#8221;medium&#8221; alignment=&#8221;center&#8221; onclick=&#8221;custom_link&#8221; img_link_target=&#8221;_blank&#8221; qode_css_animation=&#8221;&#8221;][vc_empty_space height=&#8221;32&#8243;][\/vc_column][\/vc_row][vc_row row_type=&#8221;row&#8221; use_row_as_full_screen_section=&#8221;no&#8221; type=&#8221;full_width&#8221; text_align=&#8221;left&#8221; css_animation=&#8221;&#8221;][vc_column width=&#8221;1\/3&#8243;][vc_single_image image=&#8221;92542&#8243; img_size=&#8221;&#8221; alignment=&#8221;center&#8221; style=&#8221;vc_box_rounded&#8221; qode_css_animation=&#8221;&#8221;][vc_column_text]<\/p>\n<p style=\"text-align: center;\"><strong><span style=\"color: #ff0000;\">IM<\/span><\/strong> Gell\u00e9rt Kar\u00e1csonyi<\/p>\n<p>[\/vc_column_text][vc_empty_space height=&#8221;16&#8243;][vc_single_image image=&#8221;92532&#8243; img_size=&#8221;&#8221; alignment=&#8221;center&#8221; style=&#8221;vc_box_rounded&#8221; qode_css_animation=&#8221;&#8221;][vc_column_text]<\/p>\n<p style=\"text-align: center;\">B\u00e1nk Kar\u00e1csonyi<\/p>\n<p>[\/vc_column_text][vc_empty_space height=&#8221;16&#8243;][vc_single_image image=&#8221;92561&#8243; img_size=&#8221;&#8221; alignment=&#8221;center&#8221; style=&#8221;vc_box_rounded&#8221; qode_css_animation=&#8221;&#8221;][vc_column_text]<\/p>\n<p style=\"text-align: center;\">Rich\u00e1rd Nagy<\/p>\n<p>[\/vc_column_text][vc_empty_space height=&#8221;16&#8243;][vc_single_image image=&#8221;92557&#8243; img_size=&#8221;&#8221; alignment=&#8221;center&#8221; style=&#8221;vc_box_rounded&#8221; qode_css_animation=&#8221;&#8221;][vc_column_text]<\/p>\n<p style=\"text-align: center;\">Vanda Horv\u00e1th<\/p>\n<p>[\/vc_column_text][vc_empty_space height=&#8221;16&#8243;][vc_single_image image=&#8221;92559&#8243; img_size=&#8221;&#8221; alignment=&#8221;center&#8221; style=&#8221;vc_box_rounded&#8221; qode_css_animation=&#8221;&#8221;][vc_column_text]<\/p>\n<p style=\"text-align: center;\">Zal\u00e1n M\u00e1csai<\/p>\n<p>[\/vc_column_text][vc_empty_space height=&#8221;16&#8243;][vc_single_image image=&#8221;92590&#8243; img_size=&#8221;&#8221; alignment=&#8221;center&#8221; style=&#8221;vc_box_rounded&#8221; qode_css_animation=&#8221;&#8221;][vc_column_text]<\/p>\n<p style=\"text-align: center;\">Hanna Sz\u00e9p<\/p>\n<p>[\/vc_column_text][vc_empty_space height=&#8221;16&#8243;][\/vc_column][vc_column width=&#8221;1\/3&#8243;][vc_single_image image=&#8221;92539&#8243; img_size=&#8221;&#8221; alignment=&#8221;center&#8221; style=&#8221;vc_box_rounded&#8221; qode_css_animation=&#8221;&#8221;][vc_column_text]<\/p>\n<p style=\"text-align: center;\"><strong><span style=\"color: #ff0000;\">WFM<\/span><\/strong> Kata Kar\u00e1csonyi<\/p>\n<p>[\/vc_column_text][vc_empty_space height=&#8221;16&#8243;][vc_single_image image=&#8221;92566&#8243; img_size=&#8221;&#8221; alignment=&#8221;center&#8221; style=&#8221;vc_box_rounded&#8221; qode_css_animation=&#8221;&#8221;][vc_column_text]<\/p>\n<p style=\"text-align: center;\">M\u00e1rk Pozsonyi<\/p>\n<p>[\/vc_column_text][vc_empty_space height=&#8221;16&#8243;][vc_single_image image=&#8221;92553&#8243; img_size=&#8221;&#8221; alignment=&#8221;center&#8221; style=&#8221;vc_box_rounded&#8221; qode_css_animation=&#8221;&#8221;][vc_column_text]<\/p>\n<p style=\"text-align: center;\">Kriszti\u00e1n Schneider<\/p>\n<p>[\/vc_column_text][vc_empty_space height=&#8221;16&#8243;][vc_single_image image=&#8221;92552&#8243; img_size=&#8221;&#8221; alignment=&#8221;center&#8221; style=&#8221;vc_box_rounded&#8221; qode_css_animation=&#8221;&#8221;][vc_column_text]<\/p>\n<p style=\"text-align: center;\">\u00c1bel Balla<\/p>\n<p>[\/vc_column_text][vc_empty_space height=&#8221;16&#8243;][vc_single_image image=&#8221;92558&#8243; img_size=&#8221;&#8221; alignment=&#8221;center&#8221; style=&#8221;vc_box_rounded&#8221; qode_css_animation=&#8221;&#8221;][vc_column_text]<\/p>\n<p style=\"text-align: center;\">Bal\u00e1zs Nagy<\/p>\n<p>[\/vc_column_text][vc_empty_space height=&#8221;16&#8243;][\/vc_column][vc_column width=&#8221;1\/3&#8243;][vc_single_image image=&#8221;92564&#8243; img_size=&#8221;&#8221; alignment=&#8221;center&#8221; style=&#8221;vc_box_rounded&#8221; qode_css_animation=&#8221;&#8221;][vc_column_text]<\/p>\n<p style=\"text-align: center;\">Luca Kar\u00e1csonyi<\/p>\n<p>[\/vc_column_text][vc_empty_space height=&#8221;16&#8243;][vc_single_image image=&#8221;92533&#8243; img_size=&#8221;&#8221; alignment=&#8221;center&#8221; style=&#8221;vc_box_rounded&#8221; qode_css_animation=&#8221;&#8221;][vc_column_text]<\/p>\n<p style=\"text-align: center;\">B\u00e1nk Koh\u00e1ri<\/p>\n<p>[\/vc_column_text][vc_empty_space height=&#8221;16&#8243;][vc_single_image image=&#8221;92555&#8243; img_size=&#8221;&#8221; alignment=&#8221;center&#8221; style=&#8221;vc_box_rounded&#8221; qode_css_animation=&#8221;&#8221;][vc_column_text]<\/p>\n<p style=\"text-align: center;\">D\u00e1niel Vincze<\/p>\n<p>[\/vc_column_text][vc_empty_space height=&#8221;16&#8243;][vc_single_image image=&#8221;92573&#8243; img_size=&#8221;&#8221; alignment=&#8221;center&#8221; style=&#8221;vc_box_rounded&#8221; qode_css_animation=&#8221;&#8221;][vc_column_text]<\/p>\n<p style=\"text-align: center;\">R\u00f3bert Bal\u00e1zsi<\/p>\n<p>[\/vc_column_text][vc_empty_space height=&#8221;16&#8243;][vc_single_image image=&#8221;92835&#8243; img_size=&#8221;&#8221; alignment=&#8221;center&#8221; style=&#8221;vc_box_rounded&#8221; qode_css_animation=&#8221;&#8221;][vc_column_text]<\/p>\n<p style=\"text-align: center;\">M\u00e1rk\u00f3 Laurinyecz<\/p>\n<p>[\/vc_column_text][vc_empty_space height=&#8221;16&#8243;][vc_single_image image=&#8221;92594&#8243; img_size=&#8221;&#8221; alignment=&#8221;center&#8221; style=&#8221;vc_box_rounded&#8221; qode_css_animation=&#8221;&#8221;][vc_column_text]<\/p>\n<p style=\"text-align: center;\">L\u00e1szl\u00f3 G\u00e1zsik<\/p>\n<p>[\/vc_column_text][vc_empty_space height=&#8221;16&#8243;][\/vc_column][\/vc_row][vc_column][\/vc_column][vc_row row_type=&#8221;row&#8221; use_row_as_full_screen_section=&#8221;no&#8221; type=&#8221;full_width&#8221; text_align=&#8221;left&#8221; css_animation=&#8221;&#8221;][vc_column][vc_empty_space][vc_text_separator title=&#8221;Our supporting partners:&#8221;][vc_column_text]<\/p>\n<table style=\"border-collapse: collapse; width: 100%; height: 72px;\">\n<tbody>\n<tr style=\"height: 72px;\">\n<td style=\"width: 50%; height: 72px;\"><a href=\"https:\/\/www.polgarjudit.hu\/alapitvany\"><img loading=\"lazy\" decoding=\"async\" class=\"size-medium wp-image-92250 aligncenter\" src=\"https:\/\/www.csanyialapitvany.hu\/wp-content\/uploads\/2023\/10\/pjsaheader-hun_inverse-300x65.png\" alt=\"\" width=\"300\" height=\"65\" srcset=\"https:\/\/www.csanyialapitvany.hu\/wp-content\/uploads\/2023\/10\/pjsaheader-hun_inverse-300x65.png 300w, https:\/\/www.csanyialapitvany.hu\/wp-content\/uploads\/2023\/10\/pjsaheader-hun_inverse.png 700w\" sizes=\"auto, (max-width: 300px) 100vw, 300px\" \/><\/a><\/td>\n<td style=\"width: 50%; height: 72px;\"><a href=\"https:\/\/chess.com\"><img loading=\"lazy\" decoding=\"async\" class=\"size-medium wp-image-92254 aligncenter\" src=\"https:\/\/www.csanyialapitvany.hu\/wp-content\/uploads\/2023\/10\/Chess.com_logo-300x109.png\" alt=\"\" width=\"300\" height=\"109\" srcset=\"https:\/\/www.csanyialapitvany.hu\/wp-content\/uploads\/2023\/10\/Chess.com_logo-300x109.png 300w, https:\/\/www.csanyialapitvany.hu\/wp-content\/uploads\/2023\/10\/Chess.com_logo.png 568w\" sizes=\"auto, (max-width: 300px) 100vw, 300px\" \/><\/a><\/td>\n<\/tr>\n<\/tbody>\n<\/table>\n<p>[\/vc_column_text][vc_separator type=&#8221;normal&#8221; border_style=&#8221;&#8221;][vc_empty_space][\/vc_column][\/vc_row]<\/p>\n<\/div>","protected":false},"excerpt":{"rendered":"<p>[vc_row row_type=&#8221;row&#8221; use_row_as_full_screen_section=&#8221;no&#8221; type=&#8221;full_width&#8221; text_align=&#8221;left&#8221; css_animation=&#8221;&#8221;][vc_column][vc_column_text]The Cs\u00e1nyi Foundation Chess Team was established in 2021. In addition to supporting talented children&#8230;<\/p>\n","protected":false},"author":32,"featured_media":0,"parent":0,"menu_order":0,"comment_status":"closed","ping_status":"closed","template":"sakk.php","meta":{"footnotes":""},"class_list":["post-92231","page","type-page","status-publish","hentry"],"_links":{"self":[{"href":"https:\/\/www.csanyialapitvany.hu\/en\/wp-json\/wp\/v2\/pages\/92231","targetHints":{"allow":["GET"]}}],"collection":[{"href":"https:\/\/www.csanyialapitvany.hu\/en\/wp-json\/wp\/v2\/pages"}],"about":[{"href":"https:\/\/www.csanyialapitvany.hu\/en\/wp-json\/wp\/v2\/types\/page"}],"author":[{"embeddable":true,"href":"https:\/\/www.csanyialapitvany.hu\/en\/wp-json\/wp\/v2\/users\/32"}],"replies":[{"embeddable":true,"href":"https:\/\/www.csanyialapitvany.hu\/en\/wp-json\/wp\/v2\/comments?post=92231"}],"version-history":[{"count":5,"href":"https:\/\/www.csanyialapitvany.hu\/en\/wp-json\/wp\/v2\/pages\/92231\/revisions"}],"predecessor-version":[{"id":92843,"href":"https:\/\/www.csanyialapitvany.hu\/en\/wp-json\/wp\/v2\/pages\/92231\/revisions\/92843"}],"wp:attachment":[{"href":"https:\/\/www.csanyialapitvany.hu\/en\/wp-json\/wp\/v2\/media?parent=92231"}],"curies":[{"name":"wp","href":"https:\/\/api.w.org\/{rel}","templated":true}]}}